{"id":13411,"date":"2019-11-06T12:32:44","date_gmt":"2019-11-06T11:32:44","guid":{"rendered":"https:\/\/facepaintingschool.com\/?page_id=13411"},"modified":"2019-11-06T12:47:15","modified_gmt":"2019-11-06T11:47:15","slug":"cookies","status":"publish","type":"page","link":"https:\/\/facepaintingschool.com\/es\/cookies\/","title":{"rendered":"Pol\u00edtica de Cookies"},"content":{"rendered":"<h3>Uso de cookies en la web y aplicaciones de \u201cFACE BODY ART\u201d<\/h3>\n<p>En cumplimiento de la Ley 34\/2002, de 11 de julio, de Servicios de la Sociedad de la Informaci\u00f3n y Comercio Electr\u00f3nico le informamos de la utilizaci\u00f3n de cookies en las webs y aplicaciones de \u201cIGOR MURASHEV\u201d (\u201cFACE BODY ART\u201d, en adelante), con el fin de facilitar y mejorar la navegaci\u00f3n a los usuarios, recordando por donde naveg\u00f3 en el sitio web, las preferencias y configuraciones de visualizaci\u00f3n, y ofreciendo a cada usuario informaci\u00f3n que puede ser de su inter\u00e9s.<\/p>\n<h3>\u00bfQu\u00e9 son las cookies?<\/h3>\n<p>Una cookie es un fichero que se descarga en su ordenador o el dispositivo que utilice (Smartphone, tableta, televisi\u00f3n conectada\u2026) al acceder a determinadas p\u00e1ginas web o aplicaciones. Las cookies permiten, entre otras cosas, recopilar informaci\u00f3n estad\u00edstica, facilitar ciertas funcionalidades t\u00e9cnicas, almacenar y recuperar informaci\u00f3n sobre los h\u00e1bitos de navegaci\u00f3n o preferencias de un usuario o de su equipo y, dependiendo de la informaci\u00f3n que contengan y de la forma en que utilice su equipo, pueden utilizarse para reconocer al usuario. Una cookie se almacena en un ordenador con el fin de identificar al navegador mientras interacciona con nuestras webs o aplicaciones. Un sitio web puede establecer una cookie en el navegador si las preferencias de \u00e9ste lo permiten. Un navegador s\u00f3lo permite que un sitio web acceda a las cookies que \u00e9ste establece, no a las que establecen otros sitios Web.<\/p>\n<h3>\u00bfPor qu\u00e9 las cookies son importantes?<\/h3>\n<p>\u201cFACE BODY ART\u201d estas cookies por motivos operativos (por ejemplo, cookies de sesi\u00f3n), y por facilidad de uso, para hacer m\u00e1s f\u00e1cil y amigable la navegaci\u00f3n en la web, por ejemplo, recordar aspectos del usuario como su idioma, pa\u00eds, navegador, etc&#8230; Determinadas cookies son fundamentales para que pueda utilizar nuestros servicios.<\/p>\n<h3>Tipos de cookies <\/h3>\n<p>Cookies T\u00e9cnicas: para ayudar a mejorar la calidad de nuestro servicio, incluyendo almacenar preferencias del usuario, los resultados de b\u00fasqueda, as\u00ed como rastrear tendencias de usuario.<br \/>\nCookies estad\u00edsticas: recogen informaci\u00f3n sobre fecha de visita, la URL y el t\u00edtulo de la p\u00e1gina web visitada. Los informes generados con esta informaci\u00f3n ser\u00e1n meramente estad\u00edsticos dando informaci\u00f3n sobre el comportamiento de navegaci\u00f3n de forma an\u00f3nima.<br \/>\nCookies de sesi\u00f3n: guardan informaci\u00f3n del tipo de usuario, guardando el nick de usuario para evitar introducirlo p\u00e1gina a p\u00e1gina, tambi\u00e9n se guarda informaci\u00f3n encriptada e informaci\u00f3n sobre los favoritos del usuario.<br \/>\nCookies Anal\u00edticas: son utilizadas para realizar el seguimiento sobre el motor de b\u00fasqueda desde el que se ha visitado la web y qu\u00e9 t\u00e9rminos de b\u00fasqueda se utilizaron para encontrarlo, calculan el tiempo pasado en la web en cada sesi\u00f3n y el n\u00famero de veces que el usuario ha visitado la p\u00e1gina.<br \/>\nEn esta web se utilizan las siguientes cookies:<\/p>\n<p>Cookies de Terceros<br \/>\nCookie  \/  Nombre<br \/>\n__cfduid,<br \/>\nprism_65838142,<br \/>\n centerVisitorId<br \/>\nIDE<br \/>\n_fbp<br \/>\n_ga<br \/>\n_gat_UA-87362935-1<br \/>\n_gid<br \/>\n_icl_current_language<br \/>\nDc<\/p>\n<p>Otras cookies<br \/>\nEn el sitio de \u201cFACE BODY ART\u201d, se instalan cookies de terceros a todos sus visitantes, aunque no sean usuarios registrados en las correspondientes plataformas. Por ejemplo, cookies de Google (P\u00e1gina de Cookies de Google) y cookies de Doubleclick.<\/p>\n<p>Tipos de cookies por vencimiento<br \/>\nLas Cookies utilizadas en \u201cFACE BODY ART\u201d son persistentes, es decir, quedan permanentemente instaladas en su navegador y son activadas cada vez que visite el site, siempre y cuando no se desactive su uso.<\/p>\n<h3>Configuraci\u00f3n de cookies<\/h3>\n<p>Para conocer la forma en la que configurar la gesti\u00f3n de cookies en su navegador puede consultar los siguientes links de los principales navegadores y dispositivos:<br \/>\n&#8211;<a href=\"https:\/\/support.microsoft.com\/es-es\/help\/17442\/windows-internet-explorer-delete-manage-cookies#ie=ie-11\" rel=\"noopener noreferrer\" target=\"_blank\">Para Internet Explorer<\/a>&#x2122;<br \/>\n&#8211;<a href=\"https:\/\/www.apple.com\/legal\/privacy\/es\/cookies\/\" rel=\"noopener noreferrer\" target=\"_blank\">Para Safari<\/a>&#x2122;<br \/>\n&#8211;<a href=\"https:\/\/support.google.com\/chrome\/answer\/95647?hl=es\" rel=\"noopener noreferrer\" target=\"_blank\">Para Chrome<\/a>&#x2122;<br \/>\n&#8211;<a href=\"https:\/\/support.mozilla.org\/es\/kb\/cookies-informacion-que-los-sitios-web-guardan-en-?redirectlocale=en-US&#038;redirectslug=Cookies\" rel=\"noopener noreferrer\" target=\"_blank\">Para Firefox<\/a>&#x2122;<br \/>\n&#8211;<a href=\"http:\/\/help.opera.com\/Windows\/12.00\/es-ES\/cookies.html\" rel=\"noopener noreferrer\" target=\"_blank\">Para Opera<\/a>&#x2122;<br \/>\n&#8211;<a href=\"https:\/\/privacy.microsoft.com\/es-es\/windows-10-microsoft-edge-and-privacy\" rel=\"noopener noreferrer\" target=\"_blank\">Para Edge<\/a>&#x2122;<\/p>\n<h3>Aceptaci\u00f3n de cookies<\/h3>\n<p>Al acceder a este sitio web o aplicaci\u00f3n por primera vez, ver\u00e1 una ventana d\u00f3nde se le informa de la utilizaci\u00f3n de las cookies y donde puede consultar esta \u201cPol\u00edtica de cookies\u201d. Si usted consiente la utilizaci\u00f3n de cookies, contin\u00faa navegando o hace clic en alg\u00fan link se entender\u00e1 que usted ha consentido nuestra pol\u00edtica de cookies y por tanto la instalaci\u00f3n de las mismas en su equipo o dispositivo.<br \/>\nSi usted quiere, puede cambiar la configuraci\u00f3n de cookies en cualquier momento, configurando su navegador para aceptar, o no, las cookies que recibe o para que el navegador le avise cuando un servidor quiera guardar una cookie. Le informamos que en el caso de bloquear o no aceptar la instalaci\u00f3n de cookies, es posible que ciertos servicios no est\u00e9n disponibles sin la utilizaci\u00f3n de \u00e9stas o que no pueda acceder a determinados servicios ni tampoco aprovechar por completo todo lo que nuestras webs y aplicaciones le ofrecen.<br \/>\n\u201cFACE BODY ART\u201d le agradece que consienta la aceptaci\u00f3n de cookies, esto nos ayuda a obtener datos m\u00e1s precisos que nos permiten mejorar el contenido y el dise\u00f1o de nuestras p\u00e1ginas webs y aplicaciones para adaptarlas a sus preferencias.<\/p>\n<p>Ultima actualizaci\u00f3n: noviembre 2019<\/p>\n<p>&nbsp;<\/p>\n<p><a href=\"https:\/\/facepaintingschool.com\/es\/privacy\/\">POLI\u0301TICA DE PRIVACIDAD Y AVISO LEGAL<\/a><br \/>\n<a href=\"https:\/\/facepaintingschool.com\/es\/terms-of-service\/\">CONDICIONES DE USO DE LA WEB<\/a><br \/>\n<a href=\"https:\/\/facepaintingschool.com\/es\/proteccion-de-datos\/\">CL\u00c1USULA INFORMATIVA DE PROTECCI\u00d3N DE DATOS<\/a><\/p>\n","protected":false},"excerpt":{"rendered":"<p>Uso de cookies en la web y aplicaciones de \u201cFACE BODY ART\u201d En cumplimiento de la Ley 34\/2002, de 11 de julio, de Servicios de la Sociedad de la Informaci\u00f3n y Comercio Electr\u00f3nico le informamos de la utilizaci\u00f3n de cookies en las webs y aplicaciones de \u201cIGOR MURASHEV\u201d (\u201cFACE BODY ART\u201d, en adelante), con el [&hellip;]<\/p>\n","protected":false},"author":1,"featured_media":0,"parent":0,"menu_order":0,"comment_status":"closed","ping_status":"closed","template":"","meta":{"_acf_changed":false,"footnotes":""},"class_list":["post-13411","page","type-page","status-publish","hentry"],"acf":[],"aioseo_notices":[],"_links":{"self":[{"href":"https:\/\/facepaintingschool.com\/es\/wp-json\/wp\/v2\/pages\/13411","targetHints":{"allow":["GET"]}}],"collection":[{"href":"https:\/\/facepaintingschool.com\/es\/wp-json\/wp\/v2\/pages"}],"about":[{"href":"https:\/\/facepaintingschool.com\/es\/wp-json\/wp\/v2\/types\/page"}],"author":[{"embeddable":true,"href":"https:\/\/facepaintingschool.com\/es\/wp-json\/wp\/v2\/users\/1"}],"replies":[{"embeddable":true,"href":"https:\/\/facepaintingschool.com\/es\/wp-json\/wp\/v2\/comments?post=13411"}],"version-history":[{"count":0,"href":"https:\/\/facepaintingschool.com\/es\/wp-json\/wp\/v2\/pages\/13411\/revisions"}],"wp:attachment":[{"href":"https:\/\/facepaintingschool.com\/es\/wp-json\/wp\/v2\/media?parent=13411"}],"curies":[{"name":"wp","href":"https:\/\/api.w.org\/{rel}","templated":true}]}}