{"id":13417,"date":"2019-11-06T12:46:36","date_gmt":"2019-11-06T11:46:36","guid":{"rendered":"https:\/\/facepaintingschool.com\/?page_id=13417"},"modified":"2019-11-06T12:46:50","modified_gmt":"2019-11-06T11:46:50","slug":"proteccion-de-datos","status":"publish","type":"page","link":"https:\/\/facepaintingschool.com\/es\/proteccion-de-datos\/","title":{"rendered":"Cl\u00e1usula informativa de protecci\u00f3n de datos"},"content":{"rendered":"<p>En cumplimiento de la normativa vigente en materia de protecci\u00f3n de datos personales, la IGOR MURASHEV le informa de lo siguiente:<\/p>\n<p><strong>RESPONSABLE DEL TRATAMIENTO<\/strong><br \/>\nLe informamos de que IGOR MURASHEV, con direcci\u00f3n de correo electr\u00f3nico: support@facepaintingschool.com, (en adelante, \u201cFACE BODY ART\u201d), es la Responsable del Tratamiento de sus datos personales.<\/p>\n<p><strong>C\u00d3MO HEMOS OBTENIDO SUS DATOS<\/strong><br \/>\nFACE BODY ART dispone de sus datos porque fueron facilitados por usted directamente o por alguna EMPRESA colaboradora nuestra en la cual Ud. ha facilitado sus datos. Dichos datos fueron trasladados a la FACE BODY ART para proceder a la realizaci\u00f3n con nosotros de un programa formativo. <\/p>\n<p><strong>QU\u00c9 DATOS PERSONALES TRATAMOS DE USTED Y PARA QU\u00c9 LOS TRATAMOS<\/strong><br \/>\nLos datos que FACE BODY ART trata son los datos contenidos en su curr\u00edculum vitae que Ud. o la EMPRESA colaboradora nos ha facilitado con el fin de que podamos impartirle de manera correcta el curso en el que Ud. se ha matriculado. Entre dichos datos generalmente se encuentran los siguientes:<br \/>\n&#8211; Datos identificativos: Nombre, apellidos y DNI.<br \/>\n&#8211; Datos de contacto: Direcci\u00f3n, tel\u00e9fono\/s y correo electr\u00f3nico.<br \/>\n&#8211; Datos relativos a su CV: Formaci\u00f3n acad\u00e9mica, experiencia profesional, nivel de idiomas, etc.<br \/>\n&#8211; Datos relativos a su carta de motivaci\u00f3n.<br \/>\n&#8211; Cuenta bancaria.<\/p>\n<p><strong>POR QU\u00c9 MOTIVO PODEMOS TRATAR SUS DATOS PERSONALES<\/strong><br \/>\nFACE BODY ART est\u00e1 legitimada para tratar sus datos porque dicho tratamiento es necesario para que podamos ejecutar de la mejor manera posible y a petici\u00f3n suya, las medidas necesarias para impartir la formaci\u00f3n en la que se ha matriculado y, en su caso, para poder formalizar los convenios de pr\u00e1cticas presentes y futuros a los que Ud. opte.<br \/>\nCualquier otro tratamiento de sus datos personales que no est\u00e9 legitimada por el motivo anterior, s\u00f3lo ser\u00e1 realizado por FACE BODY ART en aquellos supuestos en que Ud. facilite sus datos de forma voluntaria, previo su consentimiento libre y expreso. <\/p>\n<p><strong>DECISIONES AUTOMATIZADAS<\/strong><br \/>\nFACE BODY ART no adopta decisiones que puedan afectarle basadas \u00fanicamente en el tratamiento automatizado de sus datos personales. Todos los procesos de toma de decisiones relacionadas las finalidades de tratamiento antes descritas se realizan con intervenci\u00f3n humana.<\/p>\n<p><strong>CU\u00c1NDO Y POR QU\u00c9 MOTIVO PODEMOS FACILITAR SUS DATOS A TERCEROS<\/strong><br \/>\nSus datos podr\u00e1n ser cedidos a los destinatarios que se indican a continuaci\u00f3n, por los motivos que a continuaci\u00f3n se explican:<br \/>\n&#8211; Administraciones P\u00fablicas: para el cumplimiento de las obligaciones legales a las que FACE BODY ART est\u00e1 sujeta por su actividad<br \/>\n&#8211; Proveedores que precisen acceder a sus datos para la prestaci\u00f3n de servicios que FACE BODY ART haya contratado a dichos proveedores, y con los cuales FACE BODY ART tiene suscritos los contratos de confidencialidad y de tratamiento de datos personales necesarios y exigidos por la normativa para proteger su privacidad.<br \/>\nSi en el futuro FACE BODY ART realizara otras cesiones de datos personales, le informar\u00e1 oportunamente. <\/p>\n<p><strong>TRANSFERENCIAS INTERNACIONALES DE DATOS<\/strong><br \/>\nFACE BODY ART tiene o puede tener contratados servicios de proveedores tecnol\u00f3gicos ubicados en pa\u00edses que no disponen de normativa equivalente a la europea (\u201cTerceros Pa\u00edses\u201d). Dichos proveedores estar\u00e1n obligados a suscribir con FACE BODY ART los contratos de confidencialidad y tratamiento de datos exigidos por la normativa para proveedores ubicados en Terceros Pa\u00edses, aplicando las garant\u00edas y salvaguardas necesarias para preservar su privacidad.<br \/>\nPara m\u00e1s informaci\u00f3n sobre las garant\u00edas a su privacidad, puede dirigirse a FACE BODY ART a trav\u00e9s de las direcciones postal y electr\u00f3nica indicadas.<\/p>\n<p><strong>DURANTE CU\u00c1NTO TIEMPO GUARDAREMOS SUS DATOS PERSONALES<\/strong><br \/>\nLe informamos de que sus datos se conservar\u00e1n durante los plazos de prescripci\u00f3n legales que sean de aplicaci\u00f3n y, siempre que usted no manifieste lo contrario o ejerza su derecho de cancelaci\u00f3n. En este supuesto, se tratar\u00e1n a los solos efectos de acreditar el cumplimiento de nuestras obligaciones legales o contractuales.<br \/>\nFinalizados dichos plazos de prescripci\u00f3n, sus datos ser\u00e1n eliminados o, alternativamente, anonimizados.<\/p>\n<p><strong>CU\u00c1LES SON SUS DERECHOS<\/strong><br \/>\nUsted puede ejercitar sus derechos de acceso, rectificaci\u00f3n, supresi\u00f3n y portabilidad, limitaci\u00f3n y\/u oposici\u00f3n al tratamiento, a trav\u00e9s de las direcciones postal y electr\u00f3nica indicadas.<\/p>\n<p><strong>RECLAMACIONES<\/strong><br \/>\nAsimismo, si Ud. considera que el tratamiento de sus datos personales vulnera la normativa o sus derechos de privacidad, puede presentar una reclamaci\u00f3n:<br \/>\n&#8211; A FACE BODY ART, a trav\u00e9s de las direcciones postal y electr\u00f3nica indicadas.<br \/>\n&#8211; Ante la Agencia Espa\u00f1ola de Protecci\u00f3n de Datos, a trav\u00e9s de su sede electr\u00f3nica, o de su direcci\u00f3n postal: C\/ Jorge Juan, 6, C.P. 28001, Madrid (Espa\u00f1a).<\/p>\n<p>Ultima actualizaci\u00f3n: noviembre 2019<\/p>\n","protected":false},"excerpt":{"rendered":"<p>En cumplimiento de la normativa vigente en materia de protecci\u00f3n de datos personales, la IGOR MURASHEV le informa de lo siguiente: RESPONSABLE DEL TRATAMIENTO Le informamos de que IGOR MURASHEV, con direcci\u00f3n de correo electr\u00f3nico: support@facepaintingschool.com, (en adelante, \u201cFACE BODY ART\u201d), es la Responsable del Tratamiento de sus datos personales. C\u00d3MO HEMOS OBTENIDO SUS DATOS [&hellip;]<\/p>\n","protected":false},"author":1,"featured_media":0,"parent":0,"menu_order":0,"comment_status":"closed","ping_status":"closed","template":"","meta":{"_acf_changed":false,"footnotes":""},"class_list":["post-13417","page","type-page","status-publish","hentry"],"acf":[],"aioseo_notices":[],"_links":{"self":[{"href":"https:\/\/facepaintingschool.com\/es\/wp-json\/wp\/v2\/pages\/13417","targetHints":{"allow":["GET"]}}],"collection":[{"href":"https:\/\/facepaintingschool.com\/es\/wp-json\/wp\/v2\/pages"}],"about":[{"href":"https:\/\/facepaintingschool.com\/es\/wp-json\/wp\/v2\/types\/page"}],"author":[{"embeddable":true,"href":"https:\/\/facepaintingschool.com\/es\/wp-json\/wp\/v2\/users\/1"}],"replies":[{"embeddable":true,"href":"https:\/\/facepaintingschool.com\/es\/wp-json\/wp\/v2\/comments?post=13417"}],"version-history":[{"count":0,"href":"https:\/\/facepaintingschool.com\/es\/wp-json\/wp\/v2\/pages\/13417\/revisions"}],"wp:attachment":[{"href":"https:\/\/facepaintingschool.com\/es\/wp-json\/wp\/v2\/media?parent=13417"}],"curies":[{"name":"wp","href":"https:\/\/api.w.org\/{rel}","templated":true}]}}