{"id":9239,"date":"2018-08-20T10:25:09","date_gmt":"2018-08-20T08:25:09","guid":{"rendered":"https:\/\/facepaintingschool.com\/?page_id=9239"},"modified":"2019-11-12T10:59:48","modified_gmt":"2019-11-12T09:59:48","slug":"privacy","status":"publish","type":"page","link":"https:\/\/facepaintingschool.com\/es\/privacy\/","title":{"rendered":"Poli\u0301tica de Privacidad y Aviso Legal"},"content":{"rendered":"<h2 style=\"text-align:center;\">Pol\u00edtica de Privacidad<\/h2>\n<p>IGOR MURASHEV, en adelante \u201cFACE BODY ART\u201d informa a los usuarios del sitio web sobre su pol\u00edtica respecto del tratamiento y protecci\u00f3n de los datos de car\u00e1cter personal de los usuarios y clientes que puedan ser recabados por la navegaci\u00f3n, adquisici\u00f3n de productos o contrataci\u00f3n de servicios a trav\u00e9s de su sitio web. En este sentido, \u201cFACE BODY ART\u201d garantiza el cumplimiento de la normativa vigente en materia de protecci\u00f3n de datos personales, reflejada en la Ley Org\u00e1nica 3\/2018, de 5 de diciembre, de Protecci\u00f3n de Datos Personales y garant\u00eda de los derechos digitales y en el Real Decreto 1720\/2007, de 21 diciembre, por el que se aprueba el Reglamento de Desarrollo de la LOPD. El uso de esta web implica la aceptaci\u00f3n expresa de esta pol\u00edtica de privacidad.<\/p>\n<h3>2. MEDIDAS DE SEGURIDAD<\/h3>\n<p>En cumplimiento de la legislaci\u00f3n vigente en materia de protecci\u00f3n de datos, recogida en el Real Decreto 1720\/2007, se informa a los usuarios de que, en \u201cFACE BODY ART\u201d, se han adoptado las medidas t\u00e9cnicas y organizativas conforme a lo dispuesto en la citada normativa. Los datos personales que se recogen en los formularios son objeto de tratamiento, \u00fanicamente, por parte del personal de \u201cFACE BODY ART\u201d o de los Encargados del Tratamiento aqu\u00ed establecidos. Se han adoptado los niveles de seguridad adecuados a los datos que se facilitan y, adem\u00e1s, se han instalado todos los medios y medidas t\u00e9cnicas a su alcance para evitar la p\u00e9rdida, mal uso, alteraci\u00f3n, acceso no autorizado y robo de los datos que nos facilitan.<\/p>\n<h3>VERACIDAD DE LOS DATOS<\/h3>\n<p>El Cliente o Usuario manifiesta que todos los datos facilitados por \u00e9l son ciertos y correctos y se compromete a mantenerlos actualizados, comunicando, a \u201cFACE BODY ART\u201d, cualquier modificaci\u00f3n de los mismos. El usuario responder\u00e1 de la veracidad de sus datos y ser\u00e1 el \u00fanico responsable de cuantos conflictos o litigios pudieran resultar por la falsedad de los mismos. Es importante que, para que podamos mantener los datos personales actualizados, el usuario informe a \u201cFACE BODY ART\u201d siempre que haya habido alguna modificaci\u00f3n en los mismos. En caso contrario, no podemos responder de su veracidad.<\/p>\n<h3>OBTENCI\u00d3N Y TRATAMIENTO DE DATOS<\/h3>\n<p>\u201cFACE BODY ART\u201d tiene el deber de informar a los usuarios de su sitio web acerca de la recogida de datos de car\u00e1cter personal que pueden llevarse a cabo, bien sea mediante el env\u00edo de correo electr\u00f3nico o al cumplimentar los formularios incluidos en el sitio web. En este sentido, \u201cFACE BODY ART\u201d ser\u00e1 considerada como Responsable de los datos recabados mediante los medios anteriormente descritos.<br \/>\nA su vez \u201cFACE BODY ART\u201d informa a los usuarios de que la finalidad del tratamiento de los datos recabados contempla la atenci\u00f3n de solicitudes realizadas por los usuarios, la inclusi\u00f3n en la agenda de contactos, la prestaci\u00f3n de productos o servicios y la gesti\u00f3n de la relaci\u00f3n comercial. Las operaciones, gestiones y procedimientos t\u00e9cnicos que se realicen de forma automatizada o no automatizada y que posibiliten la recogida, el almacenamiento, la modificaci\u00f3n, la transferencia y otras acciones sobre datos de car\u00e1cter personal, tienen la consideraci\u00f3n de Tratamiento de datos personales.<br \/>\nTodos los datos personales, que sean recogidos a trav\u00e9s del sitio web de \u201cFACE BODY ART\u201d, y por tanto tenga la consideraci\u00f3n de tratamiento de datos de car\u00e1cter personal, ser\u00e1n incorporados en los Ficheros declarados ante la Agencia Espa\u00f1ola de Protecci\u00f3n de Datos por \u201cFACE BODY ART\u201d.<br \/>\nEl Sitio Web de \u201cFACE BODY ART\u201d cuenta con un cifrado HTTPS, que permite al Usuario el env\u00edo seguro de sus datos personales a trav\u00e9s de los formularios de contacto del sitio web.<br \/>\n\u201cFACE BODY ART\u201d pone a disposici\u00f3n de los usuarios una serie de mecanismos telem\u00e1ticos para la recogida y tratamiento de sus datos personales, con las finalidades previstas anteriormente. Los datos personales proporcionados de manera telem\u00e1tica, bien sea a trav\u00e9s de email, de los formularios de contacto de esta web o contrataciones online ser\u00e1n incorporados al Fichero de USUARIOS WEB, para la gesti\u00f3n comercial y administrativa de los clientes y usuarios de la empresa.<br \/>\nPor su parte, los datos de correo y nombre ser\u00e1n incorporados al Fichero LISTAS DE CORREO, para el env\u00edo de comunicaciones comerciales, consistente en una base de datos gestionada a trav\u00e9s de los servidores de https:\/\/www.activecampaign.com\/gdpr-updates\/ que tendr\u00e1 la consideraci\u00f3n de Encargado del Tratamiento (art\u00edculo 3.g de la LOPD).<br \/>\nTal y como establece la LSSICE, \u201cFACE BODY ART\u201d se compromete a no remitir comunicaciones comerciales sin identificarlas como tales. A estos efectos, no ser\u00e1 considerada como comunicaci\u00f3n comercial la informaci\u00f3n enviada a los clientes para el mantenimiento de la relaci\u00f3n contractual existente.<br \/>\nEn cualquier caso, se obtendr\u00e1n \u00fanicamente los datos precisos para poder realizar el servicio contratado, o para poder responder adecuadamente a la petici\u00f3n de informaci\u00f3n realizada por el usuario.<br \/>\nEn ocasiones, los datos personales se proporcionar\u00e1n a trav\u00e9s de enlaces a sitios web de terceros. En este caso, en ning\u00fan momento el personal de \u201cFACE BODY ART\u201d tendr\u00e1 acceso a los datos personales que el Cliente facilite a dichos terceros.<br \/>\nEl servidor d\u00f3nde est\u00e1 alojada esta web utiliza cookies, que quedar\u00e1n almacenadas en el ordenador del visitante. Las cookies son peque\u00f1os archivos que contienen cierta informaci\u00f3n sobre la visita a la web, como el d\u00eda y la hora en la que comienza la visita, en la que se abandona, as\u00ed como informaci\u00f3n sobre las distintas secciones consultadas. Si el usuario lo desea, puede configurar su navegador para avisar sobre si va a recibir una cookie, o para evitar recibirlas, hecho que no impedir\u00e1 que se pueda acceder a la web. La obtenci\u00f3n de datos personales a trav\u00e9s de navegaci\u00f3n web (cookies) se explica en nuestro apartado \u201c<a href=\"https:\/\/facepaintingschool.com\/es\/cookies\/\">Pol\u00edtica de Cookies<\/a>\u201d.<\/p>\n<h3>REDES SOCIALES<\/h3>\n<p>\u201cFACE BODY ART\u201d cuenta con perfil en una de las principales redes sociales de Internet (Facebook&#x2122;), reconoci\u00e9ndose en todos los casos Responsable del tratamiento de los datos de sus seguidores, fans, suscriptores, comentaristas y otros perfiles de usuarios (en adelante, seguidores). El tratamiento que \u201cFACE BODY ART\u201d llevar\u00e1 a cabo con dichos datos dentro de cada una de las referidas redes ser\u00e1 el que la red social permita a los perfiles corporativos.<br \/>\nAs\u00ed pues, \u201cFACE BODY ART\u201d podr\u00e1 informar, cuando la ley no lo proh\u00edba, a sus seguidores por cualquier v\u00eda que la red social permita sobre sus actividades y ofertas, as\u00ed como prestar servicio personalizado de atenci\u00f3n al cliente. En ning\u00fan caso \u201cFACE BODY ART\u201d extraer\u00e1 datos de las redes sociales, a menos que se obtuviera puntual y expresamente el consentimiento del usuario para ello (por ejemplo, para la realizaci\u00f3n de un concurso).<\/p>\n<h3>SELECCI\u00d3N DE PERSONAL<\/h3>\n<p>El aspirante que env\u00ede comunicaciones electr\u00f3nicas a \u201cFACE BODY ART\u201d, con la finalidad de acceder a los procesos de selecci\u00f3n de personal de la Entidad, nos autoriza a analizar los documentos que remitidos (por ejemplo, el C.V.), todo el contenido que sea directamente accesible a trav\u00e9s de buscadores de Internet (por ejemplo, Google), los perfiles que mantenga en redes sociales profesionales (por ejemplo, LinkedIn), los datos obtenidos en las pruebas de acceso y la informaci\u00f3n que revele en la entrevista de trabajo, con el objetivo de valorar su candidatura y poder, en su caso, ofrecerle un puesto. En caso de que el candidato no sea seleccionado, \u201cFACE BODY ART\u201d podr\u00e1 mantener almacenado su C.V. para incorporarlo a futuras convocatorias, a menos que el candidato manifieste lo contrario.<\/p>\n<h3>EJERCICIO DE DERECHOS<\/h3>\n<p>La Ley Org\u00e1nica 15\/1999, de 13 de diciembre, de Protecci\u00f3n de Datos de Car\u00e1cter Personal concede a los interesados la posibilidad de ejercer una serie de derechos relacionados con el tratamiento de sus datos personales. En tanto en cuanto los datos del usuario son objeto de tratamiento por parte de \u201cFACE BODY ART\u201d, \u00e9stos podr\u00e1n ejercer los derechos de acceso, rectificaci\u00f3n, cancelaci\u00f3n y oposici\u00f3n de acuerdo con lo previsto en la normativa legal vigente en materia de protecci\u00f3n de datos personales.<br \/>\nPara hacer uso del ejercicio de estos derechos, el usuario deber\u00e1 dirigirse, aportando documentaci\u00f3n que acredite su identidad (DNI o pasaporte), mediante correo electr\u00f3nico a support@facepaintingschool.com, o bien mediante comunicaci\u00f3n escrita a la direcci\u00f3n que sea sustituida en el Registro General de Protecci\u00f3n de Datos. Dicha comunicaci\u00f3n deber\u00e1 reflejar la siguiente informaci\u00f3n: Nombre y apellidos del usuario, la petici\u00f3n de solicitud, el domicilio y los datos acreditativos.<br \/>\nEl ejercicio de derechos deber\u00e1 ser realizado por el propio usuario. No obstante, podr\u00e1n ser ejecutados por una persona autorizada como representante legal del autorizado. En tal caso, se deber\u00e1 aportar la documentaci\u00f3n que acredite esta representaci\u00f3n del interesado.<\/p>\n<h3>COMUNICACI\u00d3N DE INFORMACI\u00d3N A TERCEROS<\/h3>\n<p>\u201cFACE BODY ART\u201d no ceder\u00e1 ni comunicar\u00e1 a ning\u00fan tercero tus datos, excepto en los casos legalmente previstos o cuando la prestaci\u00f3n de un servicio implique la necesidad de una relaci\u00f3n contractual con un encargado de tratamiento, y siempre de acuerdo con las condiciones generales aprobadas por el usuario con anterioridad a la contrataci\u00f3n del mismo. As\u00ed, al contratar nuestros servicios, el usuario acepta que alguno de los mismos puedan ser, total o parcialmente, subcontratados a otras personas o empresas, que tendr\u00e1n la consideraci\u00f3n de Encargados del Tratamiento (art\u00edculo 3.g de la LOPD), con los que se ha convenido el correspondiente contrato de confidencialidad, o adherido a sus pol\u00edticas de privacidad, establecidas en sus respectivas p\u00e1ginas web. Tambi\u00e9n acepta que algunos de los datos personales recabados sean facilitados a estos Encargados del Tratamiento, cuando sea necesario para la efectiva realizaci\u00f3n del servicio contratado. El usuario podr\u00e1 negarse a la cesi\u00f3n de tus datos a los Encargados del Tratamiento, mediante petici\u00f3n escrita, por cualquiera de los medios anteriormente referenciados.<br \/>\nDe acuerdo con lo establecido en la normativa vigente en materia de Protecci\u00f3n de Datos, le informamos de que \u201cFACE BODY ART\u201d es la responsable del tratamiento de sus datos personales con la finalidad de mantener su relaci\u00f3n con la formaci\u00f3n contratada.<br \/>\nPara el ejercicio de sus derechos de acceso, rectificaci\u00f3n, cancelaci\u00f3n y oposici\u00f3n deber\u00e1 dirigirse al responsable del fichero de la \u201cFACE BODY ART\u201d, e informar a IGOR MURASHEV, en el email support@facepaintingschool.com o en la que sea sustituida en el Registro General de Protecci\u00f3n de Datos.<\/p>\n<h3>CONFIDENCIALIDAD<\/h3>\n<p>La informaci\u00f3n suministrada por el cliente tendr\u00e1, en todo caso, la consideraci\u00f3n de confidencial, sin que pueda ser utilizada para otros fines que los relacionados con los servicios contratados o productos adquiridos a \u201cFACE BODY ART\u201d. \u201cFACE BODY ART\u201d se obliga a no divulgar ni revelar informaci\u00f3n sobre las pretensiones del cliente, los motivos del asesoramiento solicitado o la duraci\u00f3n de su relaci\u00f3n con este.<\/p>\n<h3>VALIDEZ<\/h3>\n<p>Esta pol\u00edtica de privacidad y de protecci\u00f3n de datos ha sido redactada por PROFFESIONAL SPAIN CONSULTING S.L., empresa de protecci\u00f3n de datos, a d\u00eda 10 de Junio de 2019, y podr\u00e1 variar en funci\u00f3n de los cambios de normativa y jurisprudencia que se vayan produciendo, siendo responsabilidad del titular de los datos la lectura del documento actualizado, en orden a conocer sus derechos y obligaciones al respecto en cada momento.<\/p>\n<h2 style=\"text-align:center;\">Aviso Legal<\/h2>\n<p>En cumplimiento de la Ley 34\/2002, de 11 de julio, de Servicios de la Sociedad de la Informaci\u00f3n y Comercio Electr\u00f3nico (LSSI CE), informamos a los usuarios de los datos de la empresa propietaria de esta web:<\/p>\n<p>Responsable<br \/>\n-Denominaci\u00f3n Social: IGOR MURASHEV<br \/>\n-Nombre Comercial: FACE BODY ART<\/p>\n<p>Contacto<br \/>\n-eMail: support@facepaintingschool.com<br \/>\n-Formulario de contacto online: https:\/\/facepaintingschool.com\/es\/contact-us\/<br \/>\n-Perfiles en redes sociales<br \/>\nFacebook: https:\/\/www.facebook.com\/InternationalFacePaintingSchool<\/p>\n<h3>OBJETO<\/h3>\n<p>\u201cIGOR MURASHEV\u201d (en adelante, \u201cFACE BODY ART\u201d), responsable del sitio web, pone a disposici\u00f3n de los usuarios el presente documento con el que pretende dar cumplimiento a las obligaciones dispuestas en la Ley 34\/2002, de Servicios de la Sociedad de la Informaci\u00f3n y del Comercio Electr\u00f3nico (LSSI-CE), as\u00ed como informar a todos los usuarios del sitio web respecto a cu\u00e1les son las condiciones de uso del mismo.<br \/>\nToda persona que acceda a este sitio web asume el papel de usuario, comprometi\u00e9ndose a la observancia y cumplimiento riguroso de las disposiciones aqu\u00ed dispuestas, as\u00ed como a cualesquiera otra disposici\u00f3n legal que fuera de aplicaci\u00f3n.<br \/>\n\u201cFACE BODY ART\u201d se reserva el derecho a modificar cualquier tipo de informaci\u00f3n que pudiera aparecer en el sitio web, sin que exista obligaci\u00f3n de preavisar o poner en conocimiento de los usuarios dichas obligaciones, entendi\u00e9ndose como suficiente con la publicaci\u00f3n en el sitio web.<\/p>\n<h3>PROTECCI\u00d3N DE DATOS <\/h3>\n<p>\u201cFACE BODY ART\u201d se encuentra profundamente comprometido con el cumplimiento de la normativa espa\u00f1ola de protecci\u00f3n de datos de car\u00e1cter personal, y garantiza el cumplimiento \u00edntegro de las obligaciones dispuestas, as\u00ed como la implementaci\u00f3n de las medidas de seguridad dispuestas en el art. 9 de la Ley 15\/1999, de Protecci\u00f3n de Datos de Car\u00e1cter Personal (LOPD) y en el Reglamento de Desarrollo de la LOPD. De conformidad con esta Ley, informamos que la utilizaci\u00f3n de nuestra p\u00e1gina web requiere que se nos faciliten ciertos datos personales a trav\u00e9s de formularios de registro o contacto, o mediante el env\u00edo de emails, y que \u00e9stos ser\u00e1n objeto de tratamiento e incorporados a los ficheros de \u201cFACE BODY ART\u201d, titular y responsable de los mismos, y que se detallan a continuaci\u00f3n. El env\u00edo de estos datos personales constituye el consentimiento expreso al tratamiento de los mismos, si bien este consentimiento es de car\u00e1cter revocable y sin efectos retroactivos.<br \/>\n\u201cFACE BODY ART\u201d pone a disposici\u00f3n de los usuarios la \u201cPol\u00edtica de Privacidad\u201d informando a los usuarios respecto a los siguientes aspectos:<br \/>\nDatos del Responsable del tratamiento.<br \/>\nDatos tratados.<br \/>\nFichero en el que se almacenan.<br \/>\nFinalidad del tratamiento.<br \/>\nObligatoriedad o no de facilitarlos, as\u00ed como las consecuencias en caso de no facilitarlos.<br \/>\nSobre los derechos que asisten a todo usuario y el procedimiento para ejercitarlos.<\/p>\n<h3>PROPIEDAD INTELECTUAL, NORMATIVA Y FORO<\/h3>\n<p>El sitio web, incluyendo a t\u00edtulo enunciativo pero no limitativo su programaci\u00f3n, edici\u00f3n, compilaci\u00f3n y dem\u00e1s elementos necesarios para su funcionamiento, los dise\u00f1os, logotipos, texto y\/o gr\u00e1ficos son propiedad de \u201cFACE BODY ART\u201d o en su caso dispone de licencia o autorizaci\u00f3n expresa por parte de los autores.<br \/>\nTodos los contenidos del sitio web se encuentran debidamente protegidos por la normativa de propiedad intelectual e industrial, as\u00ed como inscritos en los registros p\u00fablicos correspondientes, y no se permite la reproducci\u00f3n y\/o publicaci\u00f3n, total o parcial, del sitio web, ni su tratamiento inform\u00e1tico, su distribuci\u00f3n, difusi\u00f3n, modificaci\u00f3n o transformaci\u00f3n, sin el permiso previo y por escrito del mismo.<br \/>\nLos dise\u00f1os, logotipos, texto y\/o gr\u00e1ficos ajenos a \u201cFACE BODY ART\u201d y que pudieran aparecer en el sitio web, pertenecen a sus respectivos propietarios, siendo ellos mismos responsables de cualquier posible controversia que pudiera suscitarse respecto a los mismos. En todo caso, \u201cFACE BODY ART\u201d cuenta con la autorizaci\u00f3n expresa y previa por parte de los mismos. \u201cFACE BODY ART\u201d reconoce a favor de sus titulares los correspondientes derechos de propiedad industrial e intelectual, no implicando su sola menci\u00f3n o aparici\u00f3n en el sitio web la existencia de derechos o responsabilidad alguna del prestador sobre los mismos, como tampoco respaldo, patrocinio o recomendaci\u00f3n por parte del mismo.<br \/>\nEl usuario puede utilizar el material que aparezca en este sitio web para su uso personal y privado, quedando prohibido su uso con fines comerciales. \u201cFACE BODYA RT\u201d velar\u00e1 por el cumplimiento de las anteriores condiciones, como por la debida utilizaci\u00f3n de los contenidos presentados en sus p\u00e1ginas web, ejercitando todas las acciones civiles y penales que le correspondan en el caso de infracci\u00f3n o incumplimiento de estos derechos por parte del usuario.<\/p>\n<p>Ultima actualizaci\u00f3n: noviembre 2019<\/p>\n<p>&nbsp;<\/p>\n<p><a href=\"https:\/\/facepaintingschool.com\/es\/cookies\/\">POL\u00cdTICA DE COOKIES<\/a><br \/>\n<a href=\"https:\/\/facepaintingschool.com\/es\/terms-of-service\/\">CONDICIONES DE USO DE LA WEB<\/a><br \/>\n<a href=\"https:\/\/facepaintingschool.com\/es\/proteccion-de-datos\/\">CL\u00c1USULA INFORMATIVA DE PROTECCI\u00d3N DE DATOS<\/a><\/p>\n","protected":false},"excerpt":{"rendered":"<p>Pol\u00edtica de Privacidad IGOR MURASHEV, en adelante \u201cFACE BODY ART\u201d informa a los usuarios del sitio web sobre su pol\u00edtica respecto del tratamiento y protecci\u00f3n de los datos de car\u00e1cter personal de los usuarios y clientes que puedan ser recabados por la navegaci\u00f3n, adquisici\u00f3n de productos o contrataci\u00f3n de servicios a trav\u00e9s de su sitio [&hellip;]<\/p>\n","protected":false},"author":1,"featured_media":0,"parent":0,"menu_order":0,"comment_status":"closed","ping_status":"closed","template":"","meta":{"_acf_changed":false,"footnotes":""},"class_list":["post-9239","page","type-page","status-publish","hentry"],"acf":[],"aioseo_notices":[],"_links":{"self":[{"href":"https:\/\/facepaintingschool.com\/es\/wp-json\/wp\/v2\/pages\/9239","targetHints":{"allow":["GET"]}}],"collection":[{"href":"https:\/\/facepaintingschool.com\/es\/wp-json\/wp\/v2\/pages"}],"about":[{"href":"https:\/\/facepaintingschool.com\/es\/wp-json\/wp\/v2\/types\/page"}],"author":[{"embeddable":true,"href":"https:\/\/facepaintingschool.com\/es\/wp-json\/wp\/v2\/users\/1"}],"replies":[{"embeddable":true,"href":"https:\/\/facepaintingschool.com\/es\/wp-json\/wp\/v2\/comments?post=9239"}],"version-history":[{"count":0,"href":"https:\/\/facepaintingschool.com\/es\/wp-json\/wp\/v2\/pages\/9239\/revisions"}],"wp:attachment":[{"href":"https:\/\/facepaintingschool.com\/es\/wp-json\/wp\/v2\/media?parent=9239"}],"curies":[{"name":"wp","href":"https:\/\/api.w.org\/{rel}","templated":true}]}}