{"id":9240,"date":"2018-08-20T10:26:39","date_gmt":"2018-08-20T08:26:39","guid":{"rendered":"https:\/\/facepaintingschool.com\/?page_id=9240"},"modified":"2019-11-06T12:47:18","modified_gmt":"2019-11-06T11:47:18","slug":"terms-of-service","status":"publish","type":"page","link":"https:\/\/facepaintingschool.com\/es\/terms-of-service\/","title":{"rendered":"Condiciones de Uso"},"content":{"rendered":"<h2 style=\"text-align:center;\">Condiciones de Uso de la Web<\/h2>\n<p>Este Sitio Web contiene textos elaborados con fines meramente informativos o divulgativos, que pueden no reflejar el estado actual de la legislaci\u00f3n o la jurisprudencia, y que se refieren a situaciones generales, por lo que su contenido no debe ser aplicado necesariamente por el usuario a casos concretos.<br \/>\nEn esta web se detallan los servicios ofrecidos por \u201cIGOR MURASHEV\u201d (\u201cFACE BODY ART\u201d, en adelante). Su uso implica la aceptaci\u00f3n de las siguientes condiciones, declinando realizar cualquier reclamaci\u00f3n sobre las mismas:<br \/>\na) El servidor d\u00f3nde est\u00e1 alojada esta web utiliza cookies, que quedar\u00e1n almacenadas en el ordenador del visitante. Las cookies son peque\u00f1os archivos que contienen cierta informaci\u00f3n sobre la visita a la web, como el d\u00eda y la hora en la que comienza la visita, en la que se abandona, as\u00ed como informaci\u00f3n sobre las distintas secciones consultadas. Si el usuario lo desea, puede configurar su navegador para avisar sobre si va a recibir una cookie, o para evitar recibirlas, hecho que no impedir\u00e1 que se pueda acceder a la web. Tiene m\u00e1s informaci\u00f3n sobre las cookies en el apartado de Pol\u00edtica de Cookies.<br \/>\nb) \u201cFACE BODY ART\u201d podr\u00e1 modificar el contenido de la web, sus servicios, tarifas, garant\u00edas, etc., en cualquier momento y sin previo aviso.<br \/>\nc) \u201cFACE BODY ART\u201d puede poner a disposici\u00f3n del usuario enlaces u otros elementos que permiten el acceso hacia otros sitios web pertenecientes a terceros. No comercializamos los productos y servicios de dichas p\u00e1ginas enlazadas, ni asumimos ning\u00fan tipo de responsabilidad sobre las mismas, ni sobre la informaci\u00f3n contenida en ellas, ni su veracidad o licitud, ni de cualesquiera efectos que pudieran derivarse. En todo caso, \u201cFACE BODY ART\u201d  manifiesta que proceder\u00e1 a la retirada inmediata de cualquier contenido que pudiera contravenir la legislaci\u00f3n nacional o internacional, la moral o el orden p\u00fablico, procediendo a la retirada inmediata de la redirecci\u00f3n a dicho sitio web, poniendo en conocimiento de las autoridades competentes el contenido en cuesti\u00f3n.<br \/>\nd) Los precios indicados en la web, de haberlos, ser\u00e1n v\u00e1lidos salvo error tipogr\u00e1fico, y susceptibles de cambios sin previo aviso.<br \/>\ne) No es necesario registrarse en la web, ni facilitar ning\u00fan tipo de dato personal, para navegar por la misma.<br \/>\nf) \u201cFACE BODY ART\u201d no puede garantizar el funcionamiento ininterrumpido o totalmente libre de errores de esta web. Por tanto, no nos hacemos responsables de ning\u00fan da\u00f1o causado por el uso de este sitio.<br \/>\ng) \u201cFACE BODY ART\u201d ofrece sus servicios y productos de manera indefinida, pudiendo, no obstante, suspender la prestaci\u00f3n de los mismos, unilateralmente y sin previo aviso.<br \/>\nh) \u201cFACE BODY ART\u201d no se har\u00e1 responsable de los da\u00f1os y perjuicios, propios o a terceros, producidos por un mal uso de esta web por parte del cliente.<br \/>\ni) El usuario se compromete a no utilizar esta web ni los servicios ofrecidos en ella para la realizaci\u00f3n de actividades contrarias a la ley, al orden p\u00fablico o a estas condiciones.<br \/>\nj) \u201cFACE BODY ART\u201d no se responsabiliza de los virus que tengan su origen en una transmisi\u00f3n telem\u00e1tica infiltrados por terceros generados con la finalidad de obtener resultados negativos para un sistema inform\u00e1tico.<br \/>\nk) \u201cFACE BODY ART\u201d no se hace responsable de la informaci\u00f3n y contenidos almacenados, a t\u00edtulo enunciativo pero no limitativo, en foros, chat\u00b4s, generadores de blogs, comentarios, redes sociales o cualesquiera otro medio que permita a terceros publicar contenidos de forma independiente en la p\u00e1gina web del prestador. No obstante y en cumplimiento de lo dispuesto en el art. 11 y 16 de la LSSI-CE, \u201cFACE BODY ART\u201d  se pone a disposici\u00f3n de todos los usuarios, autoridades y fuerzas de seguridad, y colaborando de forma activa en la retirada o en su caso bloqueo de todos aquellos contenidos que pudieran afectar o contravenir la legislaci\u00f3n nacional, o internacional, derechos de terceros o la moral y el orden p\u00fablico. En caso de que el usuario considere que existe en el sitio web alg\u00fan contenido que pudiera ser susceptible de esta clasificaci\u00f3n, se ruega lo notifique de forma inmediata al administrador del sitio web.<br \/>\nl) Este sitio web ha sido revisado y probado para que funcione correctamente. En principio, puede garantizarse el correcto funcionamiento los 365 d\u00edas del a\u00f1o, 24 horas al d\u00eda. No obstante, \u201cFACE BODY ART\u201d  no descarta la posibilidad de que existan ciertos errores de programaci\u00f3n, o que acontezcan causas de fuerza mayor, cat\u00e1strofes naturales, huelgas, o circunstancias semejantes que hagan imposible el acceso a la p\u00e1gina web.<br \/>\nm) Las opiniones vertidas en los mismos no reflejan necesariamente los puntos de vista de \u201cFACE BODY ART\u201d. El contenido de los art\u00edculos publicados en este Sitio Web no puede ser considerado, en ning\u00fan caso, sustitutivo de asesoramiento legal. El usuario no debe actuar sobre la base de la informaci\u00f3n contenida en este Sitio Web sin recurrir previamente al correspondiente asesoramiento profesional.<br \/>\nEn definitiva, el usuario es el \u00fanico responsable del uso que realice de los servicios, contenidos y enlaces incluidos esta web.<\/p>\n<h2 style=\"text-align:center;\">Condiciones De Contrataci\u00f3n<\/h2>\n<p><strong>1) Condiciones legales para la compra en FACE BODY ART<\/strong><br \/>\nLas presentes Condiciones legales de contrataci\u00f3n, regulan el uso de la tienda on-line del sitio web https:\/\/facepaintingschool.com\/es, de la que es responsable legal IGOR MURASHEV, en adelante, FACE BODY ART.<\/p>\n<p><strong>2) Normativa aplicable.<\/strong><br \/>\nEl presente contrato electr\u00f3nico se celebra bajo la normativa Espa\u00f1ola y en concreto bajo el r\u00e9gimen legal impuesto por la Ley 34\/2002 de Servicios de la Sociedad de la Informaci\u00f3n y el Comercio Electr\u00f3nico (LSSICE) y la Ley General 03\/2014 para la Defensa de los Consumidores y Usuarios (LGDCU).<br \/>\nEl contrato electr\u00f3nico no ser\u00e1 archivado por un tercero y el idioma para su conclusi\u00f3n es el castellano. Las presentes condiciones generales podr\u00e1n ser guardadas y reproducidas en cualquier momento por el usuario que realice una compra mediante las opciones de su navegador de internet, y deben ser aceptadas antes de proceder al pago de los cursos.<\/p>\n<p><strong>3) Proceso de Compra. <\/strong><br \/>\nPara realizar una compra en FACE BODY ART deber\u00e1 seguir el siguiente proceso:<br \/>\n1\u00ba.- Seleccionar los cursos que desee adquirir de entre los ofrecidos por FACE BODY ART en su p\u00e1gina web.<br \/>\n2\u00ba.- Una vez seleccionado el\/los cursos que desee comprar, deber\u00e1 pulsar el bot\u00f3n \u201cInscr\u00edbete Ahora\u201d, una vez pulsado el bot\u00f3n, se redirige a https:\/\/secure.facepaintingschool.com\/curso-profesional\/ donde el usuario deber\u00e1 completar sus datos personales y bancarios.<br \/>\n3\u00ba.- Concluida la selecci\u00f3n, y rellenado los datos, por \u00faltimo deber\u00e1 elegir el sistema de pago de su pedido entre los ofrecidos por FACE BODY ART en su p\u00e1gina web. Algunos medios de pago, como PAYPAL, son gestionados por la empresa propietaria de este medio de pago, por lo que FACE BODY ART declina cualquier tipo de responsabilidad en los problemas derivados de la utilizaci\u00f3n de estos sistemas o plataformas ajenas a FACE BODY ART. Finalmente para continuar con su contrataci\u00f3n, deber\u00e1 pulsar el bot\u00f3n \u201cCompletar Pago\u201d.<br \/>\n4\u00ba.- Una vez completado el pago, se abre una ventana donde podr\u00e1 acceder al curso contratado.<br \/>\n6\u00ba.- Si aprecia cualquier error en los datos introducidos en su contrataci\u00f3n podr\u00e1 corregirlos a trav\u00e9s de los siguientes medios:<br \/>\nNotific\u00e1ndolo en la secci\u00f3n &#8220;Contacto&#8221; de esta web<br \/>\nEscribiendo a la direcci\u00f3n de correo support@facepaintingschool.com<br \/>\nFACE BODY ART, comunica que posee a disposici\u00f3n de los usuarios las hojas de reclamaciones en la direcci\u00f3n postal que figura en la informaci\u00f3n de Protecci\u00f3n de Datos  de esta p\u00e1gina web.<\/p>\n<p><strong>4) Formas de pago.<\/strong><br \/>\nFACE BODY ART dispone de diversas modalidades de pago para facilitarle su contrataci\u00f3n.<br \/>\nTarjeta de cr\u00e9dito o d\u00e9bito<br \/>\nPayPal<br \/>\nA continuaci\u00f3n, especificamos las condiciones para cada una de estas formas de pago.<\/p>\n<p><strong>Tarjeta de cr\u00e9dito o d\u00e9bito <\/strong><br \/>\nEl pago mediante tarjeta de cr\u00e9dito o d\u00e9bito se realiza a trav\u00e9s de la pasarela de pago seguro del banco ThriveCart &#038; SCA. Mediante esta modalidad de pago, FACE BODY ART nunca recoge ni manipula ning\u00fan dato del cliente relativo a su n\u00famero de tarjeta. Todos los datos son tratados directamente por el banco ThriveCart &#038; SCA, de forma que FACE BODY ART siempre pueda ofrecer la mayor transparencia y confidencialidad en la transacci\u00f3n. El pago de su pedido se realiza directamente con la entidad bancaria, ofreciendo as\u00ed la m\u00e1xima seguridad.<br \/>\nLas tarjetas que actualmente admite la pasarela de pago son todas aquellas que ostenten el distintivo Visa, Mastercard y Maestro, adem\u00e1s de las pertenecientes a las redes 4B, Red 6000 y Servired. Si tiene alguna duda, puede escribir a support@facepaintingschool.com, donde le atenderemos para aclarar cualquier inquietud.<\/p>\n<p><strong>PayPal<\/strong><br \/>\nRealice los pagos con su cuenta de PayPal. Mediante esta modalidad de pago, FACE BODY ART nunca recoge ni manipula ning\u00fan dato del cliente relativo a su n\u00famero de tarjeta. Todos los datos son tratados directamente por PayPal, de forma que FACE BODY ART siempre pueda ofrecer la mayor transparencia y confidencialidad en la transacci\u00f3n. El pago de su contrataci\u00f3n se realiza directamente con la entidad bancaria, ofreciendo as\u00ed la m\u00e1xima seguridad. El uso de este medio de pago tendr\u00e1 recargos aplicados directamente por PayPal, de los que no se hace responsable FACE BODY ART, en caso de que el usuario no pague en moneda EURO, para sufragar todo o parte de la comisi\u00f3n de Paypal.<\/p>\n<p><strong>5) Pol\u00edtica de precios.<\/strong><br \/>\nEl PVP de los cursos incluye IVA. Los precios est\u00e1n expresados en Euros, y son v\u00e1lidos salvo error tipogr\u00e1fico. En el caso de que se produzca un error manifiesto en la fijaci\u00f3n del precio que aparezca en la ficha de curso, prevalecer\u00e1 el precio establecido para dicho curso en el email informativo que le proporcionaremos cuando detectemos el error.<\/p>\n<p><strong>6) Devoluciones.<\/strong><br \/>\nDe acuerdo a lo establecido en la Ley de Consumidores, el cliente dispone del Derecho de Desistimiento, en virtud del cual podr\u00e1 darse de baja del curso si comprueba que no se ajusta a sus expectativas, siempre que no haya accedido a los contenidos.<br \/>\nEl ejercicio de este derecho de desistimiento tendr\u00e1 que realizarse en un plazo m\u00e1ximo de 14 d\u00edas naturales a partir de la compra.<br \/>\nEl reembolso del importe de la compra se efectuar\u00e1 en un m\u00e1ximo de 14 d\u00edas naturales desde la recepci\u00f3n fehaciente de la solicitud de desistimiento. Para ejercer el derecho de desistimiento, deber\u00e1 notificarnos a IGOR MURASHEV, la direcci\u00f3n de email support@facepaintingschool.com, su decisi\u00f3n de desistir de la compra efectuada, a trav\u00e9s de una declaraci\u00f3n inequ\u00edvoca, mediante carta remitida por correo postal, por fax o mediante correo electr\u00f3nico. Podr\u00e1 utilizar para ello nuestro modelo de formulario de desistimiento, si lo desea, que podr\u00e1 encontrar en nuestra pagina web.<\/p>\n<p><strong>7) Resoluci\u00f3n de conflictos<\/strong><br \/>\nComo as\u00ed la exige la nueva normativa europea, informamos a los usuarios de la existencia de una plataforma europea de resoluci\u00f3n de litigios para contrataciones online. As\u00ed, para la resoluci\u00f3n de litigios en materia de consumo (conforme al Art. 14.1 del Reglamento (UE) 524\/2013), la Comisi\u00f3n Europea facilita una plataforma de resoluci\u00f3n de litigios en l\u00ednea que se encuentra disponible en el siguiente enlace: https:\/\/webgate.ec.europa.eu\/odr\/main\/?event=main.home.show&#038;lng=ES<\/p>\n<p>Ultima actualizaci\u00f3n: noviembre 2019<\/p>\n<p>&nbsp;<\/p>\n<p><a href=\"https:\/\/facepaintingschool.com\/es\/privacy\/\">POLI\u0301TICA DE PRIVACIDAD Y AVISO LEGAL<\/a><br \/>\n<a href=\"https:\/\/facepaintingschool.com\/es\/cookies\/\">POL\u00cdTICA DE COOKIES<\/a><br \/>\n<a href=\"https:\/\/facepaintingschool.com\/es\/proteccion-de-datos\/\">CL\u00c1USULA INFORMATIVA DE PROTECCI\u00d3N DE DATOS<\/a><\/p>\n","protected":false},"excerpt":{"rendered":"<p>Condiciones de Uso de la Web Este Sitio Web contiene textos elaborados con fines meramente informativos o divulgativos, que pueden no reflejar el estado actual de la legislaci\u00f3n o la jurisprudencia, y que se refieren a situaciones generales, por lo que su contenido no debe ser aplicado necesariamente por el usuario a casos concretos. En [&hellip;]<\/p>\n","protected":false},"author":1,"featured_media":0,"parent":0,"menu_order":0,"comment_status":"closed","ping_status":"closed","template":"","meta":{"_acf_changed":false,"footnotes":""},"class_list":["post-9240","page","type-page","status-publish","hentry"],"acf":[],"aioseo_notices":[],"_links":{"self":[{"href":"https:\/\/facepaintingschool.com\/es\/wp-json\/wp\/v2\/pages\/9240","targetHints":{"allow":["GET"]}}],"collection":[{"href":"https:\/\/facepaintingschool.com\/es\/wp-json\/wp\/v2\/pages"}],"about":[{"href":"https:\/\/facepaintingschool.com\/es\/wp-json\/wp\/v2\/types\/page"}],"author":[{"embeddable":true,"href":"https:\/\/facepaintingschool.com\/es\/wp-json\/wp\/v2\/users\/1"}],"replies":[{"embeddable":true,"href":"https:\/\/facepaintingschool.com\/es\/wp-json\/wp\/v2\/comments?post=9240"}],"version-history":[{"count":0,"href":"https:\/\/facepaintingschool.com\/es\/wp-json\/wp\/v2\/pages\/9240\/revisions"}],"wp:attachment":[{"href":"https:\/\/facepaintingschool.com\/es\/wp-json\/wp\/v2\/media?parent=9240"}],"curies":[{"name":"wp","href":"https:\/\/api.w.org\/{rel}","templated":true}]}}