{"id":9822,"date":"2018-10-21T14:03:49","date_gmt":"2018-10-21T12:03:49","guid":{"rendered":"https:\/\/facepaintingschool.com\/?page_id=9822"},"modified":"2024-10-14T12:05:19","modified_gmt":"2024-10-14T10:05:19","slug":"pintacaritas-de-catrina","status":"publish","type":"page","link":"https:\/\/facepaintingschool.com\/es\/guia-pintacaritas-para-principiantes\/pintacaritas-de-catrina\/","title":{"rendered":"Catrina Impecable, Paso a Paso de Elodie Ternois"},"content":{"rendered":"<p>\u00bfQu\u00e9 pintacaras crees que te pedir\u00e1n este Halloween? &#x1f383;&#x1f383;&#x1f383;<\/p>\n<p>\u00a1Eso es! Muchas, muuuuchas catrinas!<\/p>\n<p>Tambi\u00e9n conocida como \u201cSugar Skull\u201d o m\u00e1scara del D\u00eda de Muertos, este dise\u00f1o triunfa cada a\u00f1o.<\/p>\n<p>Mira este exquisito tutorial que  ha preparado la instructora certificada de nuestra Escuela, Elodie Ternois  y \u00a1deja impresionados a tus clientes este Halloween!<\/p>\n<p><strong>Materiales utilizados<\/strong><\/p>\n<ul>\n<li>Base:<\/li>\n<p>&#8211; esponja<br \/>\n&#8211; blanco de Kryolan mezclado con naranja 009 de Superstar, para un efecto transl\u00facido y  natural<br \/>\n&#8211; una mezcla de \u201cBubblegum\u201d y \u201cCyclamen\u201d de Superstar<br \/>\n&#8211; hojas: \u201cPoison Green\u201d de Superstar, pincel redondo n. 4 de Loew Cornell<\/p>\n<li>Ojos y nariz:<\/li>\n<p>&#8211; negro mate de TAG, pincel redondo n. 4 de Loew Cornell. He aplicado \u201cCyclamen\u201d de Superstar sobre el negro<\/p>\n<li>Delineado negro:<\/li>\n<p>&#8211; negro mate de TAG, pincel flora n. 2 de Loew Cornell<\/p>\n<li>Delineado blanco:<\/li>\n<p>-b lanco mate de TAG, pincel redondo n. 2 de Loew Cornell<\/p>\n<li>Labios:<\/li>\n<p>&#8211; una mezcla de \u201cCyclamen\u201d y \u201cPrincess shimmer\u201d de Superstar\n<\/p><\/ul>\n<blockquote><p>\u00a1Mira lo que la Escuela Internacional de Pintacaritas te ofrece! <a href=\"https:\/\/facepaintingschool.com\/es\/#pricing\" rel=\"noopener\" target=\"_blank\">\u00a1Convi\u00e9rtete hoy en un gran pintacaritas!<\/a><\/p><\/blockquote>\n<h2>Paso 1: La base<\/h2>\n<p>Usa la esponja para aplicar el color blanco y tambi\u00e9n para las zonas coloridas, que ser\u00e1n la base de las decoraciones.<\/p>\n<p><img decoding=\"async\" src=\"https:\/\/facepaintingschool.com\/app\/uploads\/\/sugar-skull-face-paint-1-565x847.jpg\" alt=\"\" width=\"565\" height=\"847\" class=\"aligncenter size-medium wp-image-9742\" srcset=\"https:\/\/facepaintingschool.com\/app\/uploads\/sugar-skull-face-paint-1-565x847.jpg 565w, https:\/\/facepaintingschool.com\/app\/uploads\/sugar-skull-face-paint-1-768x1152.jpg 768w, https:\/\/facepaintingschool.com\/app\/uploads\/sugar-skull-face-paint-1.jpg 800w\" sizes=\"(max-width: 565px) 100vw, 565px\" \/><\/p>\n<h2>Paso 2: Los ojos y la nariz<\/h2>\n<p>Dibuja el contorno y rellena los ojos con el negro. Pinta el hueco de la nariz.<\/p>\n<p><img decoding=\"async\" src=\"https:\/\/facepaintingschool.com\/app\/uploads\/\/sugar-skull-face-paint-2-565x847.jpg\" alt=\"\" width=\"565\" height=\"847\" class=\"aligncenter size-medium wp-image-9745\" srcset=\"https:\/\/facepaintingschool.com\/app\/uploads\/sugar-skull-face-paint-2-565x847.jpg 565w, https:\/\/facepaintingschool.com\/app\/uploads\/sugar-skull-face-paint-2-768x1152.jpg 768w, https:\/\/facepaintingschool.com\/app\/uploads\/sugar-skull-face-paint-2.jpg 800w\" sizes=\"(max-width: 565px) 100vw, 565px\" \/><\/p>\n<h2>Paso 3: Las rosas<\/h2>\n<p>Rellena las rosas con l\u00edneas de tigre. Esta t\u00e9cnica puede ayudarte a crear impresionantes rosas con un estilo tribal y en un momento!<\/p>\n<p><img decoding=\"async\" src=\"https:\/\/facepaintingschool.com\/app\/uploads\/\/sugar-skull-face-paint-3-565x847.jpg\" alt=\"\" width=\"565\" height=\"847\" class=\"aligncenter size-medium wp-image-9748\" srcset=\"https:\/\/facepaintingschool.com\/app\/uploads\/sugar-skull-face-paint-3-565x847.jpg 565w, https:\/\/facepaintingschool.com\/app\/uploads\/sugar-skull-face-paint-3-768x1152.jpg 768w, https:\/\/facepaintingschool.com\/app\/uploads\/sugar-skull-face-paint-3.jpg 800w\" sizes=\"(max-width: 565px) 100vw, 565px\" \/><\/p>\n<h2>Paso 4: Gotas, filigranas y rizos<\/h2>\n<p><img decoding=\"async\" src=\"https:\/\/facepaintingschool.com\/app\/uploads\/\/sugar-skull-face-paint-4-565x847.jpg\" alt=\"\" width=\"565\" height=\"847\" class=\"aligncenter size-medium wp-image-9751\" srcset=\"https:\/\/facepaintingschool.com\/app\/uploads\/sugar-skull-face-paint-4-565x847.jpg 565w, https:\/\/facepaintingschool.com\/app\/uploads\/sugar-skull-face-paint-4-768x1152.jpg 768w, https:\/\/facepaintingschool.com\/app\/uploads\/sugar-skull-face-paint-4.jpg 800w\" sizes=\"(max-width: 565px) 100vw, 565px\" \/><\/p>\n<h2>Paso 5: Y m\u00e1s l\u00edneas delicadas, gotas y filigranas\u2026<\/h2>\n<p><img decoding=\"async\" src=\"https:\/\/facepaintingschool.com\/app\/uploads\/\/sugar-skull-face-paint-5-565x847.jpg\" alt=\"\" width=\"565\" height=\"847\" class=\"aligncenter size-medium wp-image-9754\" srcset=\"https:\/\/facepaintingschool.com\/app\/uploads\/sugar-skull-face-paint-5-565x847.jpg 565w, https:\/\/facepaintingschool.com\/app\/uploads\/sugar-skull-face-paint-5-768x1152.jpg 768w, https:\/\/facepaintingschool.com\/app\/uploads\/sugar-skull-face-paint-5.jpg 800w\" sizes=\"(max-width: 565px) 100vw, 565px\" \/><\/p>\n<p>Vista lateral. F\u00edjate en que la comisura de la boca conecta con la punta superior de la oreja. Este es un truco para lograr que tu pintacaritas se integre perfectamente con los rasgos faciales.<\/p>\n<p><img decoding=\"async\" src=\"https:\/\/facepaintingschool.com\/app\/uploads\/\/sugar-skull-face-paint-6-565x847.jpg\" alt=\"\" width=\"565\" height=\"847\" class=\"aligncenter size-medium wp-image-9757\" srcset=\"https:\/\/facepaintingschool.com\/app\/uploads\/sugar-skull-face-paint-6-565x847.jpg 565w, https:\/\/facepaintingschool.com\/app\/uploads\/sugar-skull-face-paint-6-768x1152.jpg 768w, https:\/\/facepaintingschool.com\/app\/uploads\/sugar-skull-face-paint-6.jpg 800w\" sizes=\"(max-width: 565px) 100vw, 565px\" \/><\/p>\n<h2>Paso 6: Las luces<\/h2>\n<p>A\u00f1ade luces intensas con un blanco con base de cera y consigue as\u00ed que el dise\u00f1o destaque \u00a1a\u00fan m\u00e1s!<\/p>\n<p><img decoding=\"async\" src=\"https:\/\/facepaintingschool.com\/app\/uploads\/\/sugar-skull-face-paint-7-565x847.jpg\" alt=\"\" width=\"565\" height=\"847\" class=\"aligncenter size-medium wp-image-9760\" srcset=\"https:\/\/facepaintingschool.com\/app\/uploads\/sugar-skull-face-paint-7-565x847.jpg 565w, https:\/\/facepaintingschool.com\/app\/uploads\/sugar-skull-face-paint-7-768x1152.jpg 768w, https:\/\/facepaintingschool.com\/app\/uploads\/sugar-skull-face-paint-7.jpg 800w\" sizes=\"(max-width: 565px) 100vw, 565px\" \/><\/p>\n<p>\u00a1Listo!<\/p>\n<p>\u00a1Espero que disfrutes de este incre\u00edble paso a paso de Elodie Ternois!<\/p>\n<p>Ahora, <u>comparte esta publicaci\u00f3n con tus amigos<\/u>. &#x1f447;&#x1f447;&#x1f447;<\/p>\n<p>\u00a1Todo listo para la fiesta! &#x1f603;<\/p>\n","protected":false},"excerpt":{"rendered":"<p>\u00bfQu\u00e9 pintacaras crees que te pedir\u00e1n este Halloween? &#x1f383;&#x1f383;&#x1f383; \u00a1Eso es! Muchas, muuuuchas catrinas! Tambi\u00e9n conocida como \u201cSugar Skull\u201d o m\u00e1scara del D\u00eda de Muertos, este dise\u00f1o triunfa cada a\u00f1o. Mira este exquisito tutorial que ha preparado la instructora certificada de nuestra Escuela, Elodie Ternois y \u00a1deja impresionados a tus clientes este Halloween! Materiales utilizados [&hellip;]<\/p>\n","protected":false},"author":1,"featured_media":9773,"parent":12302,"menu_order":0,"comment_status":"open","ping_status":"closed","template":"","meta":{"_acf_changed":false,"footnotes":""},"class_list":["post-9822","page","type-page","status-publish","has-post-thumbnail","hentry"],"acf":[],"aioseo_notices":[],"_links":{"self":[{"href":"https:\/\/facepaintingschool.com\/es\/wp-json\/wp\/v2\/pages\/9822","targetHints":{"allow":["GET"]}}],"collection":[{"href":"https:\/\/facepaintingschool.com\/es\/wp-json\/wp\/v2\/pages"}],"about":[{"href":"https:\/\/facepaintingschool.com\/es\/wp-json\/wp\/v2\/types\/page"}],"author":[{"embeddable":true,"href":"https:\/\/facepaintingschool.com\/es\/wp-json\/wp\/v2\/users\/1"}],"replies":[{"embeddable":true,"href":"https:\/\/facepaintingschool.com\/es\/wp-json\/wp\/v2\/comments?post=9822"}],"version-history":[{"count":1,"href":"https:\/\/facepaintingschool.com\/es\/wp-json\/wp\/v2\/pages\/9822\/revisions"}],"predecessor-version":[{"id":29534,"href":"https:\/\/facepaintingschool.com\/es\/wp-json\/wp\/v2\/pages\/9822\/revisions\/29534"}],"up":[{"embeddable":true,"href":"https:\/\/facepaintingschool.com\/es\/wp-json\/wp\/v2\/pages\/12302"}],"wp:featuredmedia":[{"embeddable":true,"href":"https:\/\/facepaintingschool.com\/es\/wp-json\/wp\/v2\/media\/9773"}],"wp:attachment":[{"href":"https:\/\/facepaintingschool.com\/es\/wp-json\/wp\/v2\/media?parent=9822"}],"curies":[{"name":"wp","href":"https:\/\/api.w.org\/{rel}","templated":true}]}}