{"id":11184,"date":"2019-02-01T18:44:17","date_gmt":"2019-02-01T17:44:17","guid":{"rendered":"https:\/\/facepaintingschool.com\/?page_id=11184"},"modified":"2022-12-29T07:45:58","modified_gmt":"2022-12-29T06:45:58","slug":"reviews","status":"publish","type":"page","link":"https:\/\/facepaintingschool.com\/fr\/reviews\/","title":{"rendered":"T\u00e9moignages de c\u00e9l\u00e9brit\u00e9s"},"content":{"rendered":"","protected":false},"excerpt":{"rendered":"","protected":false},"author":1,"featured_media":0,"parent":0,"menu_order":0,"comment_status":"closed","ping_status":"closed","template":"","meta":{"_acf_changed":false,"footnotes":""},"class_list":["post-11184","page","type-page","status-publish","hentry"],"acf":[],"aioseo_notices":[],"_links":{"self":[{"href":"https:\/\/facepaintingschool.com\/fr\/wp-json\/wp\/v2\/pages\/11184","targetHints":{"allow":["GET"]}}],"collection":[{"href":"https:\/\/facepaintingschool.com\/fr\/wp-json\/wp\/v2\/pages"}],"about":[{"href":"https:\/\/facepaintingschool.com\/fr\/wp-json\/wp\/v2\/types\/page"}],"author":[{"embeddable":true,"href":"https:\/\/facepaintingschool.com\/fr\/wp-json\/wp\/v2\/users\/1"}],"replies":[{"embeddable":true,"href":"https:\/\/facepaintingschool.com\/fr\/wp-json\/wp\/v2\/comments?post=11184"}],"version-history":[{"count":1,"href":"https:\/\/facepaintingschool.com\/fr\/wp-json\/wp\/v2\/pages\/11184\/revisions"}],"predecessor-version":[{"id":23018,"href":"https:\/\/facepaintingschool.com\/fr\/wp-json\/wp\/v2\/pages\/11184\/revisions\/23018"}],"wp:attachment":[{"href":"https:\/\/facepaintingschool.com\/fr\/wp-json\/wp\/v2\/media?parent=11184"}],"curies":[{"name":"wp","href":"https:\/\/api.w.org\/{rel}","templated":true}]}}