{"id":14441,"date":"2020-08-27T16:29:15","date_gmt":"2020-08-27T14:29:15","guid":{"rendered":"https:\/\/facepaintingschool.com\/?page_id=14441"},"modified":"2020-08-27T16:36:41","modified_gmt":"2020-08-27T14:36:41","slug":"maquillage-crane-de-squelette","status":"publish","type":"page","link":"https:\/\/facepaintingschool.com\/fr\/maquillage-crane-de-squelette\/","title":{"rendered":"Maquillage Cr\u00e2ne de Squelette pour Prestation par Elodie Ternois"},"content":{"rendered":"<p><big>D<\/big>ans ce tutoriel, je vais vous montrer comment faire un cr\u00e2ne de squelette sur prestation ou, plus commun\u00e9ment appel\u00e9 dans le jargon du face painter, les maquillages \u201con the job\u201d! Aussi, apr\u00e8s cet \u00e9tape \u00e0 \u00e9tape, je vais vous montrer comment j\u2019ai cr\u00e9\u00e9 ce maquillage. &#x1f609;<\/p>\n<p><strong>Mat\u00e9riel utilis\u00e9 :<\/strong> <\/p>\n<ul>\n<li>Blanc Merhon( \u00e0 base de glyc\u00e9rine)<\/li>\n<li>Noir m\u00e9tallique \u201cGraphite Shimmer\u201d Superstar <\/li>\n<li>Blanc r\u00e9gulier Tag (\u00e0 base de cire) <\/li>\n<li>Noir r\u00e9gulier Tag<\/li>\n<li>Marron clair \u201cBrownie\u201d Superstar<\/li>\n<li>Bleu clair \u201cHenry Junior\u201d Superstar <\/li>\n<li>Jaune \u201cBright\u201d Superstar <\/li>\n<li>\u00e9ponge demi cercle jaune <\/li>\n<li>Pinceau plat filbert \u201cLittle drop\u201d Paint Pal, de Silly Farm<\/li>\n<li>Pinceau #4 Loew Cornell <\/li>\n<li>Pinceau #2 Loew Cornell (pour les dents) <\/li>\n<li>Pinceau estompeur Cameleon #1 <\/li>\n<li>Pochoir Diva Stencils 720<\/li>\n<\/ul>\n<blockquote><p><strong>Voulez-vous devenir un pro?<\/strong> Nous pouvons vous aider. <a href=\"https:\/\/facepaintingschool.com\/fr\/cours-de-face-painting\/\" title=\"Le Meilleur Cours en ligne de Face Painting au\u00a0monde\u00a0: C\u2019est la formation qu\u2019il vous faut pour devenir\u00a0Pro\u00a0!\" rel=\"noopener noreferrer\" target=\"_blank\">V\u00e9rifiez toutes les informations ici !<\/a><\/p><\/blockquote>\n<p>Le cr\u00e2ne de squelette, bien que j\u2019adore le faire, n\u2019est pas mon maquillage de pr\u00e9dilection, comme vous le savez surement. <\/p>\n<p>Ils existent beaucoup de styles de cr\u00e2ne diff\u00e9rents! Pas facile de choisir un style en particulier. J\u2019adore les cr\u00e2nes de monstres et de squelettes de Ronnie Mena; j\u2019ai donc d\u00e9cid\u00e9 de m\u2019en inspirer pour cr\u00e9er le mien, car c\u2019est tout \u00e0 fait le style qui me correspond. &#x1f60a;<\/p>\n<p><img decoding=\"async\" src=\"https:\/\/facepaintingschool.com\/app\/uploads\/\/skeleton-skull-face-paint-4-1-847x526.jpg\" alt=\"\" width=\"847\" height=\"526\" class=\"alignleft size-medium wp-image-14427\" srcset=\"https:\/\/facepaintingschool.com\/app\/uploads\/skeleton-skull-face-paint-4-1-847x526.jpg 847w, https:\/\/facepaintingschool.com\/app\/uploads\/skeleton-skull-face-paint-4-1-1200x746.jpg 1200w, https:\/\/facepaintingschool.com\/app\/uploads\/skeleton-skull-face-paint-4-1-768x477.jpg 768w, https:\/\/facepaintingschool.com\/app\/uploads\/skeleton-skull-face-paint-4-1.jpg 1468w\" sizes=\"(max-width: 847px) 100vw, 847px\" \/><\/p>\n<h2>\u00c9tape 1<\/h2>\n<p><img decoding=\"async\" src=\"https:\/\/facepaintingschool.com\/app\/uploads\/\/skeleton-skull-face-paint-5-847x847.jpg\" alt=\"\" width=\"847\" height=\"847\" class=\"alignleft size-medium wp-image-14407\" srcset=\"https:\/\/facepaintingschool.com\/app\/uploads\/skeleton-skull-face-paint-5-847x847.jpg 847w, https:\/\/facepaintingschool.com\/app\/uploads\/skeleton-skull-face-paint-5.jpg 1200w, https:\/\/facepaintingschool.com\/app\/uploads\/skeleton-skull-face-paint-5-150x150.jpg 150w, https:\/\/facepaintingschool.com\/app\/uploads\/skeleton-skull-face-paint-5-768x768.jpg 768w, https:\/\/facepaintingschool.com\/app\/uploads\/skeleton-skull-face-paint-5-94x94.jpg 94w, https:\/\/facepaintingschool.com\/app\/uploads\/skeleton-skull-face-paint-5-256x256.jpg 256w, https:\/\/facepaintingschool.com\/app\/uploads\/skeleton-skull-face-paint-5-300x300.jpg 300w, https:\/\/facepaintingschool.com\/app\/uploads\/skeleton-skull-face-paint-5-348x348.jpg 348w, https:\/\/facepaintingschool.com\/app\/uploads\/skeleton-skull-face-paint-5-575x575.jpg 575w, https:\/\/facepaintingschool.com\/app\/uploads\/skeleton-skull-face-paint-5-706x706.jpg 706w\" sizes=\"(max-width: 847px) 100vw, 847px\" \/><\/p>\n<p>Je commence par faire la base avec le blanc merhon \u00e0 base de glyc\u00e9rine. <\/p>\n<p><strong>Pourquoi utiliser celui-l\u00e0?<\/strong> Tout simplement car, \u00e9tant \u00e0 base de glyc\u00e9rine, il va vous permettre d\u2019obtenir un rendu plus transparent et doux: de plus, les marques avec l\u2019\u00e9ponge sont facilement estompables, chose un peu plus dure \u00e0 faire avec un blanc r\u00e9gulier \u00e0 base de cire, qui va accrocher davantage. <\/p>\n<p>Je l\u2019applique de fa\u00e7on irr\u00e9guli\u00e8re, sans chercher \u00e0 dessiner un contour pr\u00e9cis. Je ne mets pas non plus le blanc sur les yeux, car je vais ensuite venir les maquiller en noir.<\/p>\n<h2>\u00c9tape 2 (facultative)<\/h2>\n<p><img decoding=\"async\" src=\"https:\/\/facepaintingschool.com\/app\/uploads\/\/skeleton-skull-face-paint-2-847x847.jpg\" alt=\"\" width=\"847\" height=\"847\" class=\"alignleft size-medium wp-image-14395\" srcset=\"https:\/\/facepaintingschool.com\/app\/uploads\/skeleton-skull-face-paint-2-847x847.jpg 847w, https:\/\/facepaintingschool.com\/app\/uploads\/skeleton-skull-face-paint-2.jpg 1200w, https:\/\/facepaintingschool.com\/app\/uploads\/skeleton-skull-face-paint-2-150x150.jpg 150w, https:\/\/facepaintingschool.com\/app\/uploads\/skeleton-skull-face-paint-2-768x768.jpg 768w, https:\/\/facepaintingschool.com\/app\/uploads\/skeleton-skull-face-paint-2-94x94.jpg 94w, https:\/\/facepaintingschool.com\/app\/uploads\/skeleton-skull-face-paint-2-256x256.jpg 256w, https:\/\/facepaintingschool.com\/app\/uploads\/skeleton-skull-face-paint-2-300x300.jpg 300w, https:\/\/facepaintingschool.com\/app\/uploads\/skeleton-skull-face-paint-2-348x348.jpg 348w, https:\/\/facepaintingschool.com\/app\/uploads\/skeleton-skull-face-paint-2-575x575.jpg 575w, https:\/\/facepaintingschool.com\/app\/uploads\/skeleton-skull-face-paint-2-706x706.jpg 706w\" sizes=\"(max-width: 847px) 100vw, 847px\" \/><\/p>\n<p>Si vous n\u2019avez pas trop de monde dans la file d\u2019attente, alors vous pouvez vous permettre de rajouter quelques petits d\u00e9tails pour am\u00e9liorer votre base de maquillage! <\/p>\n<p>Ici, j\u2019ai choisi de placer les ombres avec un marron clair, pour ajouter un peu de contraste \u00e0 mon maquillage. J\u2019utilise \u00e9galement un blanc r\u00e9gulier \u00e0 base de cire qui va permettre de faire les lumi\u00e8res. D\u2019o\u00f9 l\u2019avantage d\u2019utiliser un blanc \u00e0 base de glyc\u00e9rine en arri\u00e8re plan! Les lumi\u00e8res vont nettement ressortir et rester vibrantes ! <\/p>\n<p><strong>Petit rappel du cours :<\/strong> l\u2019emplacement de la lumi\u00e8re et de l\u2019ombre co\u00efncide avec la structure classique du cr\u00e2ne, donc les parties mises en lumi\u00e8res sont la zone au-dessus du sourcil (zone supraciliaire), les pommettes (zone zygomatique) et la m\u00e2choire (zone mandibulaire).<\/p>\n<p>Si vous n\u2019avez pas le temps, zapper cette \u00e9tape. &#x1f609;<\/p>\n<h2>\u00c9tape 3<\/h2>\n<p><img decoding=\"async\" src=\"https:\/\/facepaintingschool.com\/app\/uploads\/\/skeleton-skull-face-paint-7-847x847.jpg\" alt=\"\" width=\"847\" height=\"847\" class=\"alignleft size-medium wp-image-14415\" srcset=\"https:\/\/facepaintingschool.com\/app\/uploads\/skeleton-skull-face-paint-7-847x847.jpg 847w, https:\/\/facepaintingschool.com\/app\/uploads\/skeleton-skull-face-paint-7.jpg 1200w, https:\/\/facepaintingschool.com\/app\/uploads\/skeleton-skull-face-paint-7-150x150.jpg 150w, https:\/\/facepaintingschool.com\/app\/uploads\/skeleton-skull-face-paint-7-768x768.jpg 768w, https:\/\/facepaintingschool.com\/app\/uploads\/skeleton-skull-face-paint-7-94x94.jpg 94w, https:\/\/facepaintingschool.com\/app\/uploads\/skeleton-skull-face-paint-7-256x256.jpg 256w, https:\/\/facepaintingschool.com\/app\/uploads\/skeleton-skull-face-paint-7-300x300.jpg 300w, https:\/\/facepaintingschool.com\/app\/uploads\/skeleton-skull-face-paint-7-348x348.jpg 348w, https:\/\/facepaintingschool.com\/app\/uploads\/skeleton-skull-face-paint-7-575x575.jpg 575w, https:\/\/facepaintingschool.com\/app\/uploads\/skeleton-skull-face-paint-7-706x706.jpg 706w\" sizes=\"(max-width: 847px) 100vw, 847px\" \/><\/p>\n<p><strong>Dents:<\/strong> Avec un pinceau plat filbert, je fais approximativement la forme des dents. Ici, j\u2019utilise du jaune pour ajouter un peu de couleur. Vous pouvez tr\u00e8s bien utiliser un blanc r\u00e9gulier et, si vous \u00eates d\u00e9bord\u00e9, il vous suffira juste de faire les contours des dents avec un pinceau rond! <\/p>\n<p><strong>Yeux, nez, joues :<\/strong> Je garde le m\u00eame pinceau. Je m\u00e9lange un noir m\u00e9tallique avec un noir r\u00e9gulier pour obtenir une consistance douce et vibrante \u00e0 la fois.  Pour les yeux, le regard s\u00e9v\u00e8re est obtenu gr\u00e2ce \u00e0 la forme du sourcil, qui coupe le sourcil naturel au milieu sous un angle \u00e0 45\u00b0. <\/p>\n<p>Je place le nez comme deux larmes en partant du bout du nez. Pour placer le creux de la joue, il vous suffit d\u2019appuyer vos doigts sur la joue de l\u2019enfant et de trouver la partie creuse.<\/p>\n<h2>\u00c9tape 4<\/h2>\n<p><img decoding=\"async\" src=\"https:\/\/facepaintingschool.com\/app\/uploads\/\/skeleton-skull-face-paint-3-847x847.jpg\" alt=\"\" width=\"847\" height=\"847\" class=\"alignleft size-medium wp-image-14399\" srcset=\"https:\/\/facepaintingschool.com\/app\/uploads\/skeleton-skull-face-paint-3-847x847.jpg 847w, https:\/\/facepaintingschool.com\/app\/uploads\/skeleton-skull-face-paint-3.jpg 1200w, https:\/\/facepaintingschool.com\/app\/uploads\/skeleton-skull-face-paint-3-150x150.jpg 150w, https:\/\/facepaintingschool.com\/app\/uploads\/skeleton-skull-face-paint-3-768x768.jpg 768w, https:\/\/facepaintingschool.com\/app\/uploads\/skeleton-skull-face-paint-3-94x94.jpg 94w, https:\/\/facepaintingschool.com\/app\/uploads\/skeleton-skull-face-paint-3-256x256.jpg 256w, https:\/\/facepaintingschool.com\/app\/uploads\/skeleton-skull-face-paint-3-300x300.jpg 300w, https:\/\/facepaintingschool.com\/app\/uploads\/skeleton-skull-face-paint-3-348x348.jpg 348w, https:\/\/facepaintingschool.com\/app\/uploads\/skeleton-skull-face-paint-3-575x575.jpg 575w, https:\/\/facepaintingschool.com\/app\/uploads\/skeleton-skull-face-paint-3-706x706.jpg 706w\" sizes=\"(max-width: 847px) 100vw, 847px\" \/><\/p>\n<p>Contour Time !<\/p>\n<p>Avec un pinceau rond de taille 4, je vais venir dessiner la forme de cr\u00e2ne tout en respectant les diff\u00e9rents points focaux. J\u2019utilise principalement le point focal central et les point focaux internes du coin de l\u2019oeil. Gardez \u00e0 l\u2019esprit que dans tout maquillages, les lignes doivent \u00eatre harmonieuses et connect\u00e9es.<\/p>\n<h2>\u00c9tape 5<\/h2>\n<p><img decoding=\"async\" src=\"https:\/\/facepaintingschool.com\/app\/uploads\/\/skeleton-skull-face-paint-6-847x847.jpg\" alt=\"\" width=\"847\" height=\"847\" class=\"alignleft size-medium wp-image-14411\" srcset=\"https:\/\/facepaintingschool.com\/app\/uploads\/skeleton-skull-face-paint-6-847x847.jpg 847w, https:\/\/facepaintingschool.com\/app\/uploads\/skeleton-skull-face-paint-6.jpg 1200w, https:\/\/facepaintingschool.com\/app\/uploads\/skeleton-skull-face-paint-6-150x150.jpg 150w, https:\/\/facepaintingschool.com\/app\/uploads\/skeleton-skull-face-paint-6-768x768.jpg 768w, https:\/\/facepaintingschool.com\/app\/uploads\/skeleton-skull-face-paint-6-94x94.jpg 94w, https:\/\/facepaintingschool.com\/app\/uploads\/skeleton-skull-face-paint-6-256x256.jpg 256w, https:\/\/facepaintingschool.com\/app\/uploads\/skeleton-skull-face-paint-6-300x300.jpg 300w, https:\/\/facepaintingschool.com\/app\/uploads\/skeleton-skull-face-paint-6-348x348.jpg 348w, https:\/\/facepaintingschool.com\/app\/uploads\/skeleton-skull-face-paint-6-575x575.jpg 575w, https:\/\/facepaintingschool.com\/app\/uploads\/skeleton-skull-face-paint-6-706x706.jpg 706w\" sizes=\"(max-width: 847px) 100vw, 847px\" \/><\/p>\n<p>Cette derni\u00e8re \u00e9tape est l\u2019\u00e9tape finale du maquillage.<\/p>\n<p>J\u2019 estompe les lignes pour donner un peu plus de caract\u00e8re \u00e0 mon cr\u00e2ne. J\u2019utilise donc un pinceau estompeur, que j\u2019humidifie avec une lingette pour b\u00e9b\u00e9. J\u2019 estompe sur le haut du cr\u00e2ne et autour des yeux principalement et un peu sur les dents et le nez. <\/p>\n<p>Faites attention, tout de m\u00eame, \u00e0 bien conserver la pr\u00e9cision de vos lignes. &#x1f609;<\/p>\n<p>Si vous voulez encore am\u00e9liorer ce design sur un \u201con the job\u201d, c\u2019est possible ! Rendez-vous tout de suite \u00e0 l\u2019\u00e9tape 6 !<\/p>\n<h2>\u00c9tape 6<\/h2>\n<p><img decoding=\"async\" src=\"https:\/\/facepaintingschool.com\/app\/uploads\/\/skeleton-skull-face-paint-8-847x847.jpg\" alt=\"\" width=\"847\" height=\"847\" class=\"alignleft size-medium wp-image-14419\" srcset=\"https:\/\/facepaintingschool.com\/app\/uploads\/skeleton-skull-face-paint-8-847x847.jpg 847w, https:\/\/facepaintingschool.com\/app\/uploads\/skeleton-skull-face-paint-8.jpg 1200w, https:\/\/facepaintingschool.com\/app\/uploads\/skeleton-skull-face-paint-8-150x150.jpg 150w, https:\/\/facepaintingschool.com\/app\/uploads\/skeleton-skull-face-paint-8-768x768.jpg 768w, https:\/\/facepaintingschool.com\/app\/uploads\/skeleton-skull-face-paint-8-94x94.jpg 94w, https:\/\/facepaintingschool.com\/app\/uploads\/skeleton-skull-face-paint-8-256x256.jpg 256w, https:\/\/facepaintingschool.com\/app\/uploads\/skeleton-skull-face-paint-8-300x300.jpg 300w, https:\/\/facepaintingschool.com\/app\/uploads\/skeleton-skull-face-paint-8-348x348.jpg 348w, https:\/\/facepaintingschool.com\/app\/uploads\/skeleton-skull-face-paint-8-575x575.jpg 575w, https:\/\/facepaintingschool.com\/app\/uploads\/skeleton-skull-face-paint-8-706x706.jpg 706w\" sizes=\"(max-width: 847px) 100vw, 847px\" \/><\/p>\n<p>Pour am\u00e9liorer encore et encore mon maquillage, j\u2019ai rajout\u00e9 un bleu clair \u00e0 l\u2019\u00e9ponge sur les zones en noir, pour apporter plus de profondeur ! J\u2019ai rajout\u00e9 \u00e9galement des lignes avec un blanc r\u00e9gulier pour accentuer les lumi\u00e8res ! <\/p>\n<p>Je termine en utilisant un pochoir avec un noir m\u00e9tallique (plus facile pour obtenir un fondu),  que j\u2019applique pr\u00e9cis\u00e9ment sur le haut du cr\u00e2ne, les tempes et le menton.<\/p>\n<p>A votre tour de jouer !<\/p>\n<p><img decoding=\"async\" src=\"https:\/\/facepaintingschool.com\/app\/uploads\/\/skeleton-skull-face-paint-9-847x847.jpg\" alt=\"\" width=\"847\" height=\"847\" class=\"alignleft size-medium wp-image-14423\" srcset=\"https:\/\/facepaintingschool.com\/app\/uploads\/skeleton-skull-face-paint-9-847x847.jpg 847w, https:\/\/facepaintingschool.com\/app\/uploads\/skeleton-skull-face-paint-9.jpg 1200w, https:\/\/facepaintingschool.com\/app\/uploads\/skeleton-skull-face-paint-9-150x150.jpg 150w, https:\/\/facepaintingschool.com\/app\/uploads\/skeleton-skull-face-paint-9-768x768.jpg 768w, https:\/\/facepaintingschool.com\/app\/uploads\/skeleton-skull-face-paint-9-94x94.jpg 94w, https:\/\/facepaintingschool.com\/app\/uploads\/skeleton-skull-face-paint-9-256x256.jpg 256w, https:\/\/facepaintingschool.com\/app\/uploads\/skeleton-skull-face-paint-9-300x300.jpg 300w, https:\/\/facepaintingschool.com\/app\/uploads\/skeleton-skull-face-paint-9-348x348.jpg 348w, https:\/\/facepaintingschool.com\/app\/uploads\/skeleton-skull-face-paint-9-575x575.jpg 575w, https:\/\/facepaintingschool.com\/app\/uploads\/skeleton-skull-face-paint-9-706x706.jpg 706w\" sizes=\"(max-width: 847px) 100vw, 847px\" \/><\/p>\n<h2>Information additionnelle:<\/h2>\n<p>Dans la photo ci-dessous, j&#8217;ai ajout\u00e9 quelques rep\u00e8res visuels pour vous aider \u00e0 d\u00e9terminer l&#8217;emplacement de ce maquillage et des diff\u00e9rents \u00e9l\u00e9ments sur le visage.<\/p>\n<p>\u201c<em>Lors de la cr\u00e9ation d\u2019un nouveau design, je v\u00e9rifie toujours mon sch\u00e9ma initial avec la th\u00e9orie des points focaux et quelques autres \u00abr\u00e8gles\u00bb que je connais. Cela m&#8217;aide \u00e0 d\u00e9terminer un bon placement et une bonne fluidit\u00e9<\/em>\u201d dixit Annabel Hoogeven ! Et je vous assure que cela aide beaucoup ! Voici mon sch\u00e9ma : <\/p>\n<p><img decoding=\"async\" src=\"https:\/\/facepaintingschool.com\/app\/uploads\/\/crane-de-squelette-maquillage-847x845.jpg\" alt=\"\" width=\"847\" height=\"845\" class=\"alignleft size-medium wp-image-14445\" srcset=\"https:\/\/facepaintingschool.com\/app\/uploads\/crane-de-squelette-maquillage-847x845.jpg 847w, https:\/\/facepaintingschool.com\/app\/uploads\/crane-de-squelette-maquillage-1200x1197.jpg 1200w, https:\/\/facepaintingschool.com\/app\/uploads\/crane-de-squelette-maquillage-150x150.jpg 150w, https:\/\/facepaintingschool.com\/app\/uploads\/crane-de-squelette-maquillage-768x766.jpg 768w, https:\/\/facepaintingschool.com\/app\/uploads\/crane-de-squelette-maquillage-94x94.jpg 94w, https:\/\/facepaintingschool.com\/app\/uploads\/crane-de-squelette-maquillage-256x256.jpg 256w, https:\/\/facepaintingschool.com\/app\/uploads\/crane-de-squelette-maquillage-300x300.jpg 300w, https:\/\/facepaintingschool.com\/app\/uploads\/crane-de-squelette-maquillage-348x348.jpg 348w, https:\/\/facepaintingschool.com\/app\/uploads\/crane-de-squelette-maquillage-575x575.jpg 575w, https:\/\/facepaintingschool.com\/app\/uploads\/crane-de-squelette-maquillage.jpg 1502w\" sizes=\"(max-width: 847px) 100vw, 847px\" \/><\/p>\n<p><strong>Vous apprendrez cela et bien plus encore lorsque vous vous inscrivez&nbsp;\u2026<\/strong><\/p>\n<p>\u00cates-vous pr\u00eat \u00e0 faire passer votre entreprise de maquillage au niveau suivante&nbsp;? &#x1f60d;<\/p>\n<blockquote><p><a href=\"https:\/\/facepaintingschool.com\/fr\/cours-de-face-painting\/\" title=\"Le Meilleur Cours en ligne de Face Painting au\u00a0monde\u00a0: C\u2019est la formation qu\u2019il vous faut pour devenir\u00a0Pro\u00a0!\">Suivez un cours aujourd&#8217;hui<\/a> et voyez comment vous pouvez am\u00e9liorer vos comp\u00e9tences et faire progresser votre entreprise&nbsp;!<\/p><\/blockquote>\n<p><a href=\"https:\/\/facepaintingschool.com\/fr\/cours-de-face-painting\/\"><img decoding=\"async\" src=\"https:\/\/facepaintingschool.com\/app\/uploads\/\/take-a-class-FR-847x445.png\" alt=\"\" width=\"847\" height=\"445\" class=\"alignleft size-medium wp-image-14226\" srcset=\"https:\/\/facepaintingschool.com\/app\/uploads\/take-a-class-FR-847x445.png 847w, https:\/\/facepaintingschool.com\/app\/uploads\/take-a-class-FR-768x403.png 768w, https:\/\/facepaintingschool.com\/app\/uploads\/take-a-class-FR.png 1200w\" sizes=\"(max-width: 847px) 100vw, 847px\" \/><\/a><\/p>\n","protected":false},"excerpt":{"rendered":"<p>Dans ce tutoriel, je vais vous montrer comment faire un cr\u00e2ne de squelette sur prestation ou, plus commun\u00e9ment appel\u00e9 dans le jargon du face painter, les maquillages \u201con the job\u201d! Aussi, apr\u00e8s cet \u00e9tape \u00e0 \u00e9tape, je vais vous montrer comment j\u2019ai cr\u00e9\u00e9 ce maquillage. &#x1f609; Mat\u00e9riel utilis\u00e9 : Blanc Merhon( \u00e0 base de glyc\u00e9rine) [&hellip;]<\/p>\n","protected":false},"author":1,"featured_media":14388,"parent":0,"menu_order":0,"comment_status":"open","ping_status":"closed","template":"","meta":{"_acf_changed":false,"footnotes":""},"class_list":["post-14441","page","type-page","status-publish","has-post-thumbnail","hentry"],"acf":[],"aioseo_notices":[],"_links":{"self":[{"href":"https:\/\/facepaintingschool.com\/fr\/wp-json\/wp\/v2\/pages\/14441","targetHints":{"allow":["GET"]}}],"collection":[{"href":"https:\/\/facepaintingschool.com\/fr\/wp-json\/wp\/v2\/pages"}],"about":[{"href":"https:\/\/facepaintingschool.com\/fr\/wp-json\/wp\/v2\/types\/page"}],"author":[{"embeddable":true,"href":"https:\/\/facepaintingschool.com\/fr\/wp-json\/wp\/v2\/users\/1"}],"replies":[{"embeddable":true,"href":"https:\/\/facepaintingschool.com\/fr\/wp-json\/wp\/v2\/comments?post=14441"}],"version-history":[{"count":0,"href":"https:\/\/facepaintingschool.com\/fr\/wp-json\/wp\/v2\/pages\/14441\/revisions"}],"wp:featuredmedia":[{"embeddable":true,"href":"https:\/\/facepaintingschool.com\/fr\/wp-json\/wp\/v2\/media\/14388"}],"wp:attachment":[{"href":"https:\/\/facepaintingschool.com\/fr\/wp-json\/wp\/v2\/media?parent=14441"}],"curies":[{"name":"wp","href":"https:\/\/api.w.org\/{rel}","templated":true}]}}